{"id":147,"date":"2021-07-01T16:19:00","date_gmt":"2021-07-01T14:19:00","guid":{"rendered":"https:\/\/maritimasureste.com\/?page_id=147"},"modified":"2021-10-21T11:56:44","modified_gmt":"2021-10-21T09:56:44","slug":"warehousing","status":"publish","type":"page","link":"https:\/\/maritimasureste.com\/en\/logistics\/warehousing\/","title":{"rendered":"Goods &#038; Freight Warehousing"},"content":{"rendered":"\n<div id=\"more-information\" class=\"wp-block-group highlight\"><div class=\"wp-block-group__inner-container is-layout-flow wp-block-group-is-layout-flow\">\n<h2 class=\"ez-toc-exclude-headings wp-block-heading\">Outsource the warehousing of goods. Reduce operating costs, improve delivery service.<\/h2>\n\n\n\n<p>In the majority of cases in which large spaces are required to store goods, the costs derived from the real estate and human resources required are not taken into account.<\/p>\n\n\n\n<p>By outsourcing the storage of goods to a logistics operator, you pay only for the goods that are currently occupying a space, without extras for that empty space and without having to maintain salaries for handling and surveillance.<\/p>\n\n\n\n<p>Whether you are a manufacturer or an importer, in Grupo Mar\u00edtima Sureste you will find the logistics partner you need to take care of the storage of your products before serving them to your customers.<\/p>\n\n\n\n<p>Don&#8217;t worry about subcontracting warehousing and maintaining several payrolls. Pay only for the goods you move.<\/p>\n\n\n<div class=\"wp-block-buttons is-content-justification-left\"><div class=\"wp-block-button is-style-fill\"><span class=\"wp-block-button__link ahropt\" data-loc=\"L2VuL2NhbGwtdXMtb24v\" data-window=\"new\">Call Us<\/span><\/div><div class=\"wp-block-button is-style-outline marsuricons-arrow\"><span class=\"wp-block-button__link ahropt\" data-loc=\"L2VuL3F1b3RlLw==\">Request a Quote<\/span><\/div><\/div>\n<\/div><\/div>\n\n\n\n<div class=\"wp-block-group pre-toc\"><div class=\"wp-block-group__inner-container is-layout-flow wp-block-group-is-layout-flow\">\n<h2 class=\"wp-block-heading\"><span class=\"ez-toc-section\" id=\"what_does_warehousing_consist_of_in_logistics_terms\"><\/span>What does warehousing consist of in logistics terms?<span class=\"ez-toc-section-end\"><\/span><\/h2>\n\n\n\n<p>The storage of goods in the logistics sector consists of the stage of the supply chain in which the goods received are collected, palletised if necessary, classified and kept stacked, distributed throughout the storage space or classified on shelves.<\/p>\n\n\n\n<p>In the different logistics stations of Grupo Mar\u00edtima Sureste you will find different spaces for the storage of goods depending on their type:<\/p>\n\n\n\n<ul class=\"wp-block-list\"><li>Large fields for the storage of materials in the open air.<\/li><li>More than 15,000 m\u00b2 of warehouses with shelving and various types of machinery.<\/li><li>Warehouse with rail access for direct loading and unloading from the train to the warehouse<\/li><li>Warehouse with APQ-1 and APQ-10authorization for dangerous goods<\/li><li>Warehouse for sea containers and vehicles<\/li><li>Temporary bonded deposit for import goods<\/li><li>Export Bonded Warehouse<\/li><\/ul>\n\n\n\n<p>It is important to bear in mind that the storage of goods is a key part of a company&#8217;s logistics, even on a par with the commercial actions themselves.<\/p>\n\n\n\n<p>It is essential to have an agile and up-to-date storage system, as well as always having a meticulous control of the availability of stock.<\/p>\n\n\n<div id=\"ez-toc-container\" class=\"ez-toc-v2_0_73 counter-hierarchy ez-toc-counter ez-toc-custom ez-toc-container-direction\">\n<div class=\"ez-toc-title-container\"><p class=\"ez-toc-title\" style=\"cursor:inherit\">Table of contents<\/p>\n<\/div><nav><ul class='ez-toc-list ez-toc-list-level-1 ' ><li class='ez-toc-page-1 ez-toc-heading-level-2'><a class=\"ez-toc-link ez-toc-heading-1\" href=\"https:\/\/maritimasureste.com\/en\/logistics\/warehousing\/#what_does_warehousing_consist_of_in_logistics_terms\" title=\"What does warehousing consist of in logistics terms?\">What does warehousing consist of in logistics terms?<\/a><\/li><li class='ez-toc-page-1 ez-toc-heading-level-2'><a class=\"ez-toc-link ez-toc-heading-2\" href=\"https:\/\/maritimasureste.com\/en\/logistics\/warehousing\/#types_of_storage_of_goods_and_freight_available\" title=\"Types of storage of goods and freight available\">Types of storage of goods and freight available<\/a><\/li><li class='ez-toc-page-1 ez-toc-heading-level-2'><a class=\"ez-toc-link ez-toc-heading-3\" href=\"https:\/\/maritimasureste.com\/en\/logistics\/warehousing\/#specific_warehousing_solutions\" title=\"Specific warehousing solutions\">Specific warehousing solutions<\/a><\/li><li class='ez-toc-page-1 ez-toc-heading-level-2'><a class=\"ez-toc-link ez-toc-heading-4\" href=\"https:\/\/maritimasureste.com\/en\/logistics\/warehousing\/#value-added_storage_services\" title=\"Value-added storage services\">Value-added storage services<\/a><\/li><li class='ez-toc-page-1 ez-toc-heading-level-2'><a class=\"ez-toc-link ez-toc-heading-5\" href=\"https:\/\/maritimasureste.com\/en\/logistics\/warehousing\/#freight_reception\" title=\"Freight reception\">Freight reception<\/a><\/li><li class='ez-toc-page-1 ez-toc-heading-level-2'><a class=\"ez-toc-link ez-toc-heading-6\" href=\"https:\/\/maritimasureste.com\/en\/logistics\/warehousing\/#storage_methods\" title=\"Storage methods\">Storage methods<\/a><\/li><li class='ez-toc-page-1 ez-toc-heading-level-2'><a class=\"ez-toc-link ez-toc-heading-7\" href=\"https:\/\/maritimasureste.com\/en\/logistics\/warehousing\/#freight_warehousing_services\" title=\"Freight warehousing services\">Freight warehousing services<\/a><\/li><\/ul><\/nav><\/div>\n\n<\/div><\/div>\n\n\n\n<figure class=\"wp-block-image alignwide size-full is-style-default\"><img loading=\"lazy\" decoding=\"async\" width=\"1200\" height=\"500\" src=\"https:\/\/maritimasureste.com\/en\/wp-content\/uploads\/sites\/3\/2021\/07\/Logistica-Integral-en-Murcia-Grupo-Maritima-Sureste.jpg\" alt=\"Integral Logistics in Spain and UK - Grupo Maritima Sureste\" class=\"wp-image-2230\" srcset=\"https:\/\/maritimasureste.com\/en\/wp-content\/uploads\/sites\/3\/2021\/07\/Logistica-Integral-en-Murcia-Grupo-Maritima-Sureste.jpg 1200w, https:\/\/maritimasureste.com\/en\/wp-content\/uploads\/sites\/3\/2021\/07\/Logistica-Integral-en-Murcia-Grupo-Maritima-Sureste-340x142.jpg 340w, https:\/\/maritimasureste.com\/en\/wp-content\/uploads\/sites\/3\/2021\/07\/Logistica-Integral-en-Murcia-Grupo-Maritima-Sureste-768x320.jpg 768w\" sizes=\"auto, (max-width: 1200px) 100vw, 1200px\" \/><\/figure>\n\n\n\n<h2 class=\"wp-block-heading\"><span class=\"ez-toc-section\" id=\"types_of_storage_of_goods_and_freight_available\"><\/span>Types of storage of goods and freight available<span class=\"ez-toc-section-end\"><\/span><\/h2>\n\n\n\n<p>Let&#8217;s review the most appropriate storage methods for your goods:<\/p>\n\n\n\n<div class=\"wp-block-group listed\"><div class=\"wp-block-group__inner-container is-layout-flow wp-block-group-is-layout-flow\">\n<h3 class=\"wp-block-heading\">Indoor warehouse<\/h3>\n\n\n\n<p>This is the most common type of storage. The different goods are sheltered from the weather and protected from possible damage.<\/p>\n\n\n\n<p>This is the most common type of storage for fragile, perishable goods or goods packed in cardboard boxes.<\/p>\n\n\n\n<p>In addition, in this type of warehouse it is possible to maintain a stable temperature, as well as its relative humidity and incident light if the goods require it.<\/p>\n\n\n\n<h3 class=\"wp-block-heading\">Outdoor storage<\/h3>\n\n\n\n<p>Also known as a depot. It consists of an open-air enclosure reserved for the storage of goods and loads that can withstand climatic factors on their own.<\/p>\n\n\n\n<p>In many cases, these goods are covered with tarpaulins to prevent rainwater from accumulating directly on top of the goods, thus preserving their integrity.<\/p>\n\n\n\n<p>This type of space is mainly used to store construction materials, infrastructure equipment and non-perishable goods with outdoor resistant packaging, such as barrels or drums.<\/p>\n\n\n\n<h3 class=\"wp-block-heading\"><a href=\"https:\/\/maritimasureste.com\/en\/company\/locations\/depot\/\" data-type=\"page\" data-id=\"356\">Shipping container depots<\/a><\/h3>\n\n\n\n<p>This kind of space is intended for importing companies to store their empty sea containers and exporters can go to the warehouse location and pick up a container for shipments.<\/p>\n\n\n\n<p>This saves both parties resources, travel costs, time, and storage space without the need for a container storage area.<\/p>\n\n\n\n<p>Second-hand shipping containers are also often sold and rented in these spaces.<\/p>\n\n\n\n<figure class=\"wp-block-image alignwide size-full is-style-default\"><img loading=\"lazy\" decoding=\"async\" width=\"1200\" height=\"500\" src=\"https:\/\/maritimasureste.com\/en\/wp-content\/uploads\/sites\/3\/2021\/07\/Deposito-de-contenedores-cisterna-ADR-IMO-Murcia.jpg\" alt=\"Open air storage of sea containers and tank containers for dangerous goods - Container and goods depot in Cartagena Murcia Spain\" class=\"wp-image-2220\" srcset=\"https:\/\/maritimasureste.com\/en\/wp-content\/uploads\/sites\/3\/2021\/07\/Deposito-de-contenedores-cisterna-ADR-IMO-Murcia.jpg 1200w, https:\/\/maritimasureste.com\/en\/wp-content\/uploads\/sites\/3\/2021\/07\/Deposito-de-contenedores-cisterna-ADR-IMO-Murcia-340x142.jpg 340w, https:\/\/maritimasureste.com\/en\/wp-content\/uploads\/sites\/3\/2021\/07\/Deposito-de-contenedores-cisterna-ADR-IMO-Murcia-768x320.jpg 768w\" sizes=\"auto, (max-width: 1200px) 100vw, 1200px\" \/><\/figure>\n\n\n\n<h3 class=\"wp-block-heading\"><a href=\"https:\/\/maritimasureste.com\/en\/logistics\/dangerous-goods\/\" data-type=\"page\" data-id=\"150\">Storage of dangerous goods<\/a><\/h3>\n\n\n\n<p>Specific APQ authorisations are required for the storage of dangerous goods.<\/p>\n\n\n\n<p>An adapted warehouse must have, for example, raised platforms with drains or retention basins to control possible spills of these substances.<\/p>\n\n\n\n<p>In addition, the company in charge of storage must be aware of all the regulations governing the handling of dangerous goods and have qualified and well-protected personnel for the correct handling of these materials.<\/p>\n<\/div><\/div>\n\n\n\n<h2 class=\"wp-block-heading\"><span class=\"ez-toc-section\" id=\"specific_warehousing_solutions\"><\/span>Specific warehousing solutions<span class=\"ez-toc-section-end\"><\/span><\/h2>\n\n\n\n<p>Our warehousing services are tailored to different industries, as each client&#8217;s requirements are specific to their sector.<\/p>\n\n\n\n<p>Whatever your logistics needs, at Grupo Mar\u00edtima Sureste we provide specific warehousing solutions to meet your requirements, as well as the transport and handling services needed to complete the supply chain. Our specific warehousing facilities and capabilities are aimed at companies in the industrial sectors, construction materials, non-perishable foodstuffs, dangerous goods and <a href=\"https:\/\/maritimasureste.com\/en\/logistics\/ecommerce\/\" data-type=\"page\" data-id=\"153\">general consumer products sold in e-commerce sites.<\/a><\/p>\n\n\n\n<div class=\"wp-block-group highlight\"><div class=\"wp-block-group__inner-container is-layout-flow wp-block-group-is-layout-flow\">\n<p class=\"has-text-align-center\">At Grupo Mar\u00edtima Sureste, a company specialising in logistics and warehousing, we provide warehousing services to our customers in Spain, France, the UK and Morocco.<\/p>\n\n\n\n<p class=\"has-text-align-center\">We also have partners all over the world so that we can adapt to the needs and products of each client to make the supply chain a success.<\/p>\n\n\n<div class=\"wp-block-buttons is-content-justification-center\"><div class=\"wp-block-button is-style-fill\"><span class=\"wp-block-button__link ahropt\" data-loc=\"L2VuL2NhbGwtdXMtb24v\" data-window=\"new\">Call Us<\/span><\/div><div class=\"wp-block-button is-style-outline marsuricons-arrow\"><span class=\"wp-block-button__link ahropt\" data-loc=\"L2VuL3F1b3RlLw==\">Request a Quote<\/span><\/div><\/div>\n<\/div><\/div>\n\n\n\n<h2 class=\"wp-block-heading\"><span class=\"ez-toc-section\" id=\"value-added_storage_services\"><\/span>Value-added storage services<span class=\"ez-toc-section-end\"><\/span><\/h2>\n\n\n\n<p>At Grupo Mar\u00edtima Sureste we work year after year to offer you greater flexibility in terms of goods storage services, as well as multiplying our spaces and facilities so that your business can grow with us.<\/p>\n\n\n\n<p>In addition to the storage and custody of your goods, we offer you a wide variety of complementary services:<\/p>\n\n\n\n<div class=\"wp-block-group listed\"><div class=\"wp-block-group__inner-container is-layout-flow wp-block-group-is-layout-flow\">\n<h3 class=\"wp-block-heading\">Packing and packaging replacement<\/h3>\n\n\n\n<p>In the event that you wish to replace the packaging of your products, if you are an importer, we can take care of this task.<\/p>\n\n\n\n<p>In this service we replace damaged packaging or add an outer cardboard box to the existing one to add your branding and improve its protection for the last mile distribution process.<\/p>\n\n\n\n<h3 class=\"wp-block-heading\">Consolidation and protection<\/h3>\n\n\n\n<p>We often receive goods directly in shipping containers. To make handling easier and to store the goods properly, we place incoming goods on pallets and, if necessary, shrink-wrap the goods, protecting them with plastic film.<\/p>\n\n\n\n<figure class=\"wp-block-image size-full is-style-default\"><img loading=\"lazy\" decoding=\"async\" width=\"720\" height=\"500\" src=\"https:\/\/maritimasureste.com\/en\/wp-content\/uploads\/sites\/3\/2021\/07\/Flejado-de-paquetes-antes-de-almacenarlos-para-proteger-la-mercancia.jpg\" alt=\"Strapping of packages before storage to protect the goods.\" class=\"wp-image-2238\" srcset=\"https:\/\/maritimasureste.com\/en\/wp-content\/uploads\/sites\/3\/2021\/07\/Flejado-de-paquetes-antes-de-almacenarlos-para-proteger-la-mercancia.jpg 720w, https:\/\/maritimasureste.com\/en\/wp-content\/uploads\/sites\/3\/2021\/07\/Flejado-de-paquetes-antes-de-almacenarlos-para-proteger-la-mercancia-340x236.jpg 340w\" sizes=\"auto, (max-width: 720px) 100vw, 720px\" \/><\/figure>\n\n\n\n<h3 class=\"wp-block-heading\">Labelling<\/h3>\n\n\n\n<p>We can also take care of the labelling of your items, identifying them with your SKU&#8217;s or EAN&#8217;s, incorporating your logo, your barcodes or other specific data that you consider necessary.<\/p>\n<\/div><\/div>\n\n\n\n<h2 class=\"wp-block-heading\"><span class=\"ez-toc-section\" id=\"freight_reception\"><\/span>Freight reception<span class=\"ez-toc-section-end\"><\/span><\/h2>\n\n\n\n<p>One of the most important and most frequently performed operations in a warehouse is the reception and storage of goods.<\/p>\n\n\n\n<p>This task is of the utmost importance, as if it is managed incorrectly, it could cause a problem that would later affect both stock management and the productivity of the facility.<\/p>\n\n\n\n<p>The key to maintaining an efficient warehouse, with reduced operational costs, is to properly organise the reception of shipments and their correct sorting and classification in the available spaces.<\/p>\n\n\n\n<p>To do this, it is necessary to have a good understanding of the tasks involved in this process and the strategies required to improve them:<\/p>\n\n\n\n<div class=\"wp-block-group listed\"><div class=\"wp-block-group__inner-container is-layout-flow wp-block-group-is-layout-flow\">\n<h3 class=\"wp-block-heading\">Planning and information phase<\/h3>\n\n\n\n<p>The goods receipt process starts with the proper coordination of the supply chain, informing the warehouse of the purchase or procurement management.<\/p>\n\n\n\n<p>It is extremely important to plan the arrival of goods in order to avoid congestion at the unloading docks and to avoid saturating the team in charge of unloading the means of transport on which the goods have arrived.<\/p>\n\n\n\n<h3 class=\"wp-block-heading\">Unloading phase and management of the loading docks<\/h3>\n\n\n\n<p>This part of the operation is focused on the unloading of the cargo that arrives in the lorries, sea containers or on the train, as well as its transfer to the space it will occupy inside the warehouse or its location on the shelves.<\/p>\n\n\n\n<figure class=\"wp-block-image alignwide size-full is-style-default\"><img loading=\"lazy\" decoding=\"async\" width=\"1200\" height=\"500\" src=\"https:\/\/maritimasureste.com\/en\/wp-content\/uploads\/sites\/3\/2021\/07\/Funciones-de-la-logistica-Carga-descarga-y-almacenamiento-Grupo-Maritima-Sureste.jpg\" alt=\"Unloading of sea container inside the Logistics Warehouse in Murcia - Grupo Mar\u00edtima Sureste\" class=\"wp-image-2228\" srcset=\"https:\/\/maritimasureste.com\/en\/wp-content\/uploads\/sites\/3\/2021\/07\/Funciones-de-la-logistica-Carga-descarga-y-almacenamiento-Grupo-Maritima-Sureste.jpg 1200w, https:\/\/maritimasureste.com\/en\/wp-content\/uploads\/sites\/3\/2021\/07\/Funciones-de-la-logistica-Carga-descarga-y-almacenamiento-Grupo-Maritima-Sureste-340x142.jpg 340w, https:\/\/maritimasureste.com\/en\/wp-content\/uploads\/sites\/3\/2021\/07\/Funciones-de-la-logistica-Carga-descarga-y-almacenamiento-Grupo-Maritima-Sureste-768x320.jpg 768w\" sizes=\"auto, (max-width: 1200px) 100vw, 1200px\" \/><\/figure>\n\n\n\n<h3 class=\"wp-block-heading\">Quality control and inventory<\/h3>\n\n\n\n<p>On receiving the documentation of the goods that are going to enter the warehouse, the first step is to check the delivery notes to verify whether they match what has been agreed with the supplier. In other words, the model, quantity and specifications of the goods received must be verified.<\/p>\n\n\n\n<p>In this phase, which is carried out in parallel to the unloading phase, the packaging of the goods received is also checked to ensure that they are in good condition.<\/p>\n\n\n\n<p>Many of the companies we work with have their own quality control, which, after training our staff, we carry out on the goods received.<\/p>\n\n\n\n<h3 class=\"wp-block-heading\">Labelling, palletising and placement of the merchandise<\/h3>\n\n\n\n<p>Throughout this goods reception process, it is essential to correctly register, identify and label the products received in order to subsequently control their location within the facilities.<\/p>\n\n\n\n<p>It is possible that, when receiving goods, one of the following situations may occur:<\/p>\n\n\n\n<ul class=\"wp-block-list\"><li>If items are received without palletisation, this merchandise must be consolidated and identified before being properly placed in the warehouse.<\/li><li>If the load is properly organised on pallets, it will only be necessary to carry out a documentary check before transferring them to the corresponding racks.<\/li><li>Finally, if the incoming goods come from a return. In this case, reverse logistics management guidelines must be followed, such as checking the condition of the returned goods.<\/li><\/ul>\n\n\n\n<p>On the other hand, it is possible that material arrives for storage without being notified or at a different time than agreed. This event, in logistics, is known as blind reception and any company that stores goods must have a protocol to act efficiently without paralysing other processes.<\/p>\n\n\n\n<p>Tambi\u00e9n, el contar con un sistema de gesti\u00f3n de almac\u00e9n o SGA ayudar\u00e1 a dirigir los recursos de forma efectiva ante estas situaciones inesperadas y sin interferir en el resto de actividades log\u00edsticas que se est\u00e9n llevando a cabo.<\/p>\n<\/div><\/div>\n\n\n\n<figure class=\"wp-block-image alignwide size-full is-style-default\"><img loading=\"lazy\" decoding=\"async\" width=\"1200\" height=\"500\" src=\"https:\/\/maritimasureste.com\/en\/wp-content\/uploads\/sites\/3\/2021\/07\/Logistica-rapida-eficaz-efectiva-y-veloz-en-Murcia-Grupo-Maritima-Sureste.jpg\" alt=\"Fast, efficient, effective and speedy logistics in Spain and UK - Grupo Mar\u00edtima Sureste\" class=\"wp-image-2231\" srcset=\"https:\/\/maritimasureste.com\/en\/wp-content\/uploads\/sites\/3\/2021\/07\/Logistica-rapida-eficaz-efectiva-y-veloz-en-Murcia-Grupo-Maritima-Sureste.jpg 1200w, https:\/\/maritimasureste.com\/en\/wp-content\/uploads\/sites\/3\/2021\/07\/Logistica-rapida-eficaz-efectiva-y-veloz-en-Murcia-Grupo-Maritima-Sureste-340x142.jpg 340w, https:\/\/maritimasureste.com\/en\/wp-content\/uploads\/sites\/3\/2021\/07\/Logistica-rapida-eficaz-efectiva-y-veloz-en-Murcia-Grupo-Maritima-Sureste-768x320.jpg 768w\" sizes=\"auto, (max-width: 1200px) 100vw, 1200px\" \/><\/figure>\n\n\n\n<h2 class=\"wp-block-heading\"><span class=\"ez-toc-section\" id=\"storage_methods\"><\/span>Storage methods<span class=\"ez-toc-section-end\"><\/span><\/h2>\n\n\n\n<p>In general, the method chosen to store goods within a space depends on one or more conditions:<\/p>\n\n\n\n<ul class=\"wp-block-list\"><li>Type and nature of the goods.<\/li><li>Number of packages and\/or pallets.<\/li><li>Type of packaging.<\/li><li>Available storage space.<\/li><li>Expected output.<\/li><li>Possibility of storing in the open air.<\/li><\/ul>\n\n\n\n<p>Based on these and other variables, the warehouse manager will decide which type of storage technique will be used:<\/p>\n\n\n\n<div class=\"wp-block-group listed\"><div class=\"wp-block-group__inner-container is-layout-flow wp-block-group-is-layout-flow\">\n<h3 class=\"wp-block-heading\">Unit load or palletised on the floor.<\/h3>\n\n\n\n<p>The goods will be stored on pallets, normally made of wood, and depending on the volume and number of packages, they will be shrink-wrapped to prevent them from falling. These pallets are placed directly on the floor, occupying only the space reserved.<\/p>\n\n\n\n<h3 class=\"wp-block-heading\">Stacked loads<\/h3>\n\n\n\n<p>If the goods to be stored are self-supporting, as in the case of bigboxes, or have sufficient strength, such as bulk bags, the goods can be stored by stacking the loads until they reach the maximum recommended height, making maximum use of the vertical storage space.<\/p>\n\n\n\n<h3 class=\"wp-block-heading\">Racking<\/h3>\n\n\n\n<p>This method is ideal for storing materials and packaging of different sizes, as well as serving as a support for placing standardised pallets or crates.<\/p>\n\n\n\n<p>To optimise picking tasks, it is necessary that the products stored on the shelves are correctly identified, with the labels clearly visible.<\/p>\n\n\n\n<p>Racking proves to be the most economical and convenient storage medium for the storage of general goods.<\/p>\n\n\n\n<h3 class=\"wp-block-heading\">Pipes and columns storage<\/h3>\n\n\n\n<p>When storing loads with a much larger dimension than the other two, special racks with arms are used so that the goods are accessible for loading and unloading.<\/p>\n\n\n\n<h3 class=\"wp-block-heading\">Boxes or crates<\/h3>\n\n\n\n<p>In the case of small-sized materials, such as hardware, plumbing or stationery items, among other articles, it is recommended to store them in drawers, so that they are accessible and tidy.<\/p>\n\n\n\n<p>The dimensions of these drawers vary depending on their intended use and, in general, they are usually made of polypropylene.<\/p>\n<\/div><\/div>\n\n\n\n<div class=\"wp-block-group alignfull highlight\"><div class=\"wp-block-group__inner-container is-layout-flow wp-block-group-is-layout-flow\">\n<h2 class=\"has-text-align-center wp-block-heading\"><span class=\"ez-toc-section\" id=\"freight_warehousing_services\"><\/span>Freight warehousing services<span class=\"ez-toc-section-end\"><\/span><\/h2>\n\n\n\n<p class=\"has-text-align-center\">At Grupo Mar\u00edtima Sureste you will find your trusted integral logistics operator to whom you can delegate the storage of your products.<\/p>\n\n\n\n<p class=\"has-text-align-center\">Call us or request a quote through our form.<\/p>\n\n\n<div class=\"wp-block-buttons is-content-justification-center\"><div class=\"wp-block-button is-style-fill\"><span class=\"wp-block-button__link ahropt\" data-loc=\"L2VuL2NhbGwtdXMtb24v\" data-window=\"new\">Call Us<\/span><\/div><div class=\"wp-block-button is-style-outline marsuricons-arrow\"><span class=\"wp-block-button__link ahropt\" data-loc=\"L2VuL3F1b3RlLw==\">Request a Quote<\/span><\/div><\/div>\n<\/div><\/div>\n","protected":false},"excerpt":{"rendered":"<p>We take care of receiving, unloading, loading, palletising, sorting and storing your goods and freight directly at our logistics facilities strategically located in Spain.<\/p>\n","protected":false},"author":1,"featured_media":1831,"parent":36,"menu_order":1,"comment_status":"closed","ping_status":"closed","template":"page-templates\/hero.php","meta":{"_acf_changed":false,"_genesis_hide_title":false,"_genesis_hide_breadcrumbs":false,"_genesis_hide_singular_image":false,"_genesis_hide_footer_widgets":false,"_genesis_custom_body_class":"","_genesis_custom_post_class":"","_genesis_layout":"","footnotes":""},"class_list":{"0":"post-147","1":"page","2":"type-page","3":"status-publish","4":"has-post-thumbnail","6":"entry"},"acf":[],"amp_enabled":true,"_links":{"self":[{"href":"https:\/\/maritimasureste.com\/en\/wp-json\/wp\/v2\/pages\/147","targetHints":{"allow":["GET"]}}],"collection":[{"href":"https:\/\/maritimasureste.com\/en\/wp-json\/wp\/v2\/pages"}],"about":[{"href":"https:\/\/maritimasureste.com\/en\/wp-json\/wp\/v2\/types\/page"}],"author":[{"embeddable":true,"href":"https:\/\/maritimasureste.com\/en\/wp-json\/wp\/v2\/users\/1"}],"replies":[{"embeddable":true,"href":"https:\/\/maritimasureste.com\/en\/wp-json\/wp\/v2\/comments?post=147"}],"version-history":[{"count":31,"href":"https:\/\/maritimasureste.com\/en\/wp-json\/wp\/v2\/pages\/147\/revisions"}],"predecessor-version":[{"id":2709,"href":"https:\/\/maritimasureste.com\/en\/wp-json\/wp\/v2\/pages\/147\/revisions\/2709"}],"up":[{"embeddable":true,"href":"https:\/\/maritimasureste.com\/en\/wp-json\/wp\/v2\/pages\/36"}],"wp:featuredmedia":[{"embeddable":true,"href":"https:\/\/maritimasureste.com\/en\/wp-json\/wp\/v2\/media\/1831"}],"wp:attachment":[{"href":"https:\/\/maritimasureste.com\/en\/wp-json\/wp\/v2\/media?parent=147"}],"curies":[{"name":"wp","href":"https:\/\/api.w.org\/{rel}","templated":true}]}}