{"id":353,"date":"2021-02-24T13:09:43","date_gmt":"2021-02-24T12:09:43","guid":{"rendered":"https:\/\/maritimasureste.com\/?page_id=353"},"modified":"2021-09-02T13:43:07","modified_gmt":"2021-09-02T11:43:07","slug":"company","status":"publish","type":"page","link":"https:\/\/maritimasureste.com\/en\/company\/","title":{"rendered":"About Grupo Maritima Sureste"},"content":{"rendered":"\n<div id=\"more-info\" class=\"wp-block-group highlight\"><div class=\"wp-block-group__inner-container is-layout-flow wp-block-group-is-layout-flow\">\n<h2 class=\"wp-block-heading\">Freight forwarding and logistics services company<\/h2>\n\n\n\n<p>Over the years we have become a global logistics operator with representation on five continents, not only offering solutions in freight forwarding but also expanding our portfolio with services to offer you a global experience.<\/p>\n\n\n\n<p>Outsourcing your shipments, warehousing and dispatches, trusting our company with a long history in the logistics sector will simplify all your processes.<\/p>\n\n\n\n<p>Shall we talk?<\/p>\n\n\n<div class=\"wp-block-buttons is-content-justification-left\"><div class=\"wp-block-button is-style-fill\"><span class=\"wp-block-button__link ahropt\" data-loc=\"L2VuL2NhbGwtdXMtb24v\" data-window=\"new\">Call Us<\/span><\/div><div class=\"wp-block-button is-style-outline marsuricons-arrow\"><span class=\"wp-block-button__link ahropt\" data-loc=\"L2VuL3F1b3RlLw==\">Request a Quote<\/span><\/div><\/div>\n<\/div><\/div>\n\n\n\n<h2 class=\"wp-block-heading\">Global logistics operator<\/h2>\n\n\n\n<p>Grupo Maritima Sureste offers you advice on the use of export and import means and methods, providing you with borderless logistics solutions for any type of transport.<\/p>\n\n\n\n<p>A business will that, in short, aims to achieve excellence in the quality of the service provided.<\/p>\n\n\n\n<h2 class=\"wp-block-heading\">Special logistics projects<\/h2>\n\n\n\n<p>Grupo Maritima Sureste is characterised by its great versatility, constantly adapting and innovating according to the needs of the market.<\/p>\n\n\n\n<p>The success of operations is underpinned by anticipating the future needs of the market and your customers.<\/p>\n\n\n\n<h2 class=\"wp-block-heading\">Experience and quality<\/h2>\n\n\n\n<p>By working with Grupo Maritima Sureste, you are hiring a company with more than 40 years of experience in the sector, with great credibility, reputation, transparency and flexibility, in which you will find a customer service of proximity, providing your logistics operations with the efficiency, speed and service you are looking for.<\/p>\n\n\n\n<div class=\"wp-block-group alignwide\"><div class=\"wp-block-group__inner-container is-layout-flow wp-block-group-is-layout-flow\">\n<figure class=\"wp-block-embed is-type-video is-provider-youtube wp-block-embed-youtube wp-embed-aspect-16-9 wp-has-aspect-ratio\"><div class=\"wp-block-embed__wrapper\">\n<iframe loading=\"lazy\" title=\"Grupo Mar\u00edtima Sureste | Operadores Log\u00edsticos Integrales\" width=\"500\" height=\"281\" src=\"https:\/\/www.youtube.com\/embed\/IIizlcZ78oU?feature=oembed\" frameborder=\"0\" allow=\"accelerometer; autoplay; clipboard-write; encrypted-media; gyroscope; picture-in-picture; web-share\" referrerpolicy=\"strict-origin-when-cross-origin\" allowfullscreen><\/iframe>\n<\/div><\/figure>\n<\/div><\/div>\n\n\n\n<div class=\"wp-block-group highlight\"><div class=\"wp-block-group__inner-container is-layout-flow wp-block-group-is-layout-flow\">\n<p class=\"has-text-align-center\">Start now having a logistics team composed of highly qualified professionals, with a wide experience in the different areas covered by the operations of this sector.<\/p>\n\n\n<div class=\"wp-block-buttons is-content-justification-center\"><div class=\"wp-block-button is-style-fill\"><span class=\"wp-block-button__link ahropt\" data-loc=\"L2VuL2NhbGwtdXMtb24v\" data-window=\"new\">Call Us<\/span><\/div><div class=\"wp-block-button is-style-outline marsuricons-arrow\"><span class=\"wp-block-button__link ahropt\" data-loc=\"L2VuL3F1b3RlLw==\">Request a Quote<\/span><\/div><\/div>\n<\/div><\/div>\n\n\n\n<div style=\"height:32px\" aria-hidden=\"true\" class=\"wp-block-spacer\"><\/div>\n\n\n\n<h2 class=\"has-text-align-center wp-block-heading\">Our locations<\/h2>\n\n\n<div class=\"cards-listing\"><div class=\"card-item\"><div class=\"content has-more\"><h3 class=\"card-title ez-toc-exclude-headings\"><a href=\"https:\/\/maritimasureste.com\/en\/company\/locations\/head-office\/\">Head Office in Murcia<\/a><\/h3> <span class=\"excerpt\">Head office of Grupo Mar\u00edtima Sureste in the Region of Murcia, located in El Estrecho de Fuente \u00c1lamo. Head office.<\/span><\/div><a class=\"image\" href=\"https:\/\/maritimasureste.com\/en\/company\/locations\/head-office\/\" title=\"Head Office\"><img loading=\"lazy\" decoding=\"async\" width=\"340\" height=\"200\" src=\"https:\/\/maritimasureste.com\/en\/wp-content\/uploads\/sites\/3\/2021\/04\/central-headquarters-in-el-estrecho-de-fuente-alamo-grupo-maritima-sureste-340x200.jpg\" class=\"attachment-medium size-medium wp-post-image\" alt=\"Central headquarters in El Estrecho de Fuente \u00c1lamo - Grupo Mar\u00edtima Sureste\" srcset=\"https:\/\/maritimasureste.com\/en\/wp-content\/uploads\/sites\/3\/2021\/04\/central-headquarters-in-el-estrecho-de-fuente-alamo-grupo-maritima-sureste-340x200.jpg 340w, https:\/\/maritimasureste.com\/en\/wp-content\/uploads\/sites\/3\/2021\/04\/central-headquarters-in-el-estrecho-de-fuente-alamo-grupo-maritima-sureste-768x451.jpg 768w, https:\/\/maritimasureste.com\/en\/wp-content\/uploads\/sites\/3\/2021\/04\/central-headquarters-in-el-estrecho-de-fuente-alamo-grupo-maritima-sureste.jpg 920w\" sizes=\"auto, (max-width: 340px) 100vw, 340px\" \/><\/a>  <a class=\"link excerpt-more marsuricons-arrow\" href=\"https:\/\/maritimasureste.com\/en\/company\/locations\/head-office\/\">Read more<\/a><\/div><div class=\"card-item\"><div class=\"content has-more\"><h3 class=\"card-title ez-toc-exclude-headings\"><a href=\"https:\/\/maritimasureste.com\/en\/company\/locations\/murcia\/\">Logistics Warehouse Murcia<\/a><\/h3> <span class=\"excerpt\">Logistics warehouse located in the Nonduermas intermodal freight station in Murcia.<\/span><\/div><a class=\"image\" href=\"https:\/\/maritimasureste.com\/en\/company\/locations\/murcia\/\" title=\"Logistics Warehouse in Murcia\"><img loading=\"lazy\" decoding=\"async\" width=\"340\" height=\"200\" src=\"https:\/\/maritimasureste.com\/en\/wp-content\/uploads\/sites\/3\/2021\/04\/logistics-warehouse-located-at-the-nonduermas-rail-freight-terminal-in-murcia-maritima-sureste-340x200.jpg\" class=\"attachment-medium size-medium wp-post-image\" alt=\"Logistics warehouse located at the Nonduermas rail freight terminal in Murcia - Maritima Sureste\" srcset=\"https:\/\/maritimasureste.com\/en\/wp-content\/uploads\/sites\/3\/2021\/04\/logistics-warehouse-located-at-the-nonduermas-rail-freight-terminal-in-murcia-maritima-sureste-340x200.jpg 340w, https:\/\/maritimasureste.com\/en\/wp-content\/uploads\/sites\/3\/2021\/04\/logistics-warehouse-located-at-the-nonduermas-rail-freight-terminal-in-murcia-maritima-sureste-768x451.jpg 768w, https:\/\/maritimasureste.com\/en\/wp-content\/uploads\/sites\/3\/2021\/04\/logistics-warehouse-located-at-the-nonduermas-rail-freight-terminal-in-murcia-maritima-sureste.jpg 920w\" sizes=\"auto, (max-width: 340px) 100vw, 340px\" \/><\/a>  <a class=\"link excerpt-more marsuricons-arrow\" href=\"https:\/\/maritimasureste.com\/en\/company\/locations\/murcia\/\">Read more<\/a><\/div><div class=\"card-item\"><div class=\"content has-more\"><h3 class=\"card-title ez-toc-exclude-headings\"><a href=\"https:\/\/maritimasureste.com\/en\/company\/locations\/depot\/\">Shipping Container Depot<\/a><\/h3> <span class=\"excerpt\">Shipping container depot and outdoor storage of freight in Campo de Cartagena, Murcia, Spain.<\/span><\/div><a class=\"image\" href=\"https:\/\/maritimasureste.com\/en\/company\/locations\/depot\/\" title=\"Container Depot in Cartagena\"><img loading=\"lazy\" decoding=\"async\" width=\"340\" height=\"200\" src=\"https:\/\/maritimasureste.com\/en\/wp-content\/uploads\/sites\/3\/2021\/04\/shipping-container-depot-and-open-air-storage-of-goods-in-campo-de-cartagena-murcia-spain-340x200.jpg\" class=\"attachment-medium size-medium wp-post-image\" alt=\"Shipping container depot and open air storage of goods in Campo de Cartagena, Murcia, Spain\" srcset=\"https:\/\/maritimasureste.com\/en\/wp-content\/uploads\/sites\/3\/2021\/04\/shipping-container-depot-and-open-air-storage-of-goods-in-campo-de-cartagena-murcia-spain-340x200.jpg 340w, https:\/\/maritimasureste.com\/en\/wp-content\/uploads\/sites\/3\/2021\/04\/shipping-container-depot-and-open-air-storage-of-goods-in-campo-de-cartagena-murcia-spain-768x451.jpg 768w, https:\/\/maritimasureste.com\/en\/wp-content\/uploads\/sites\/3\/2021\/04\/shipping-container-depot-and-open-air-storage-of-goods-in-campo-de-cartagena-murcia-spain.jpg 920w\" sizes=\"auto, (max-width: 340px) 100vw, 340px\" \/><\/a>  <a class=\"link excerpt-more marsuricons-arrow\" href=\"https:\/\/maritimasureste.com\/en\/company\/locations\/depot\/\">Read more<\/a><\/div><div class=\"card-item\"><div class=\"content has-more\"><h3 class=\"card-title ez-toc-exclude-headings\"><a href=\"https:\/\/maritimasureste.com\/en\/company\/locations\/alicante\/\">Alicante Branch Office<\/a><\/h3> <span class=\"excerpt\">Provincial branch in Alicante of Grupo Mar\u00edtima Sureste with service throughout the Valencian Community.<\/span><\/div><a class=\"image\" href=\"https:\/\/maritimasureste.com\/en\/company\/locations\/alicante\/\" title=\"Alicante Branch Office\"><img loading=\"lazy\" decoding=\"async\" width=\"340\" height=\"200\" src=\"https:\/\/maritimasureste.com\/en\/wp-content\/uploads\/sites\/3\/2021\/04\/head-office-of-grupo-maritima-sureste-for-the-province-of-alicante-340x200.jpg\" class=\"attachment-medium size-medium wp-post-image\" alt=\"Head office of Grupo Mar\u00edtima Sureste for the province of Alicante\" srcset=\"https:\/\/maritimasureste.com\/en\/wp-content\/uploads\/sites\/3\/2021\/04\/head-office-of-grupo-maritima-sureste-for-the-province-of-alicante-340x200.jpg 340w, https:\/\/maritimasureste.com\/en\/wp-content\/uploads\/sites\/3\/2021\/04\/head-office-of-grupo-maritima-sureste-for-the-province-of-alicante-768x451.jpg 768w, https:\/\/maritimasureste.com\/en\/wp-content\/uploads\/sites\/3\/2021\/04\/head-office-of-grupo-maritima-sureste-for-the-province-of-alicante.jpg 920w\" sizes=\"auto, (max-width: 340px) 100vw, 340px\" \/><\/a>  <a class=\"link excerpt-more marsuricons-arrow\" href=\"https:\/\/maritimasureste.com\/en\/company\/locations\/alicante\/\">Read more<\/a><\/div><div class=\"card-item\"><div class=\"content has-more\"><h3 class=\"card-title ez-toc-exclude-headings\"><a href=\"https:\/\/maritimasureste.com\/en\/company\/locations\/jaen\/\">Offices in Ja\u00e9n<\/a><\/h3> <span class=\"excerpt\">Provincial office of Mar\u00edtima Sureste in Ja\u00e9n. Offices located in Av. Libertad in \u00dabeda.<\/span><\/div><a class=\"image\" href=\"https:\/\/maritimasureste.com\/en\/company\/locations\/jaen\/\" title=\"Offices in \u00dabeda, Ja\u00e9n\"><img loading=\"lazy\" decoding=\"async\" width=\"340\" height=\"200\" src=\"https:\/\/maritimasureste.com\/en\/wp-content\/uploads\/sites\/3\/2021\/06\/ubeda-freight-forwarding-company-340x200.jpg\" class=\"attachment-medium size-medium wp-post-image\" alt=\"Basilica de \u00dabeda - Location of forwarding company for the transport of goods\" srcset=\"https:\/\/maritimasureste.com\/en\/wp-content\/uploads\/sites\/3\/2021\/06\/ubeda-freight-forwarding-company-340x200.jpg 340w, https:\/\/maritimasureste.com\/en\/wp-content\/uploads\/sites\/3\/2021\/06\/ubeda-freight-forwarding-company-768x451.jpg 768w, https:\/\/maritimasureste.com\/en\/wp-content\/uploads\/sites\/3\/2021\/06\/ubeda-freight-forwarding-company.jpg 920w\" sizes=\"auto, (max-width: 340px) 100vw, 340px\" \/><\/a>  <a class=\"link excerpt-more marsuricons-arrow\" href=\"https:\/\/maritimasureste.com\/en\/company\/locations\/jaen\/\">Read more<\/a><\/div><div class=\"card-item\"><div class=\"content has-more\"><h3 class=\"card-title ez-toc-exclude-headings\"><a href=\"https:\/\/maritimasureste.com\/en\/company\/locations\/valencia\/\">Almac\u00e9n log\u00edstico Valencia<\/a><\/h3> <span class=\"excerpt\">Almac\u00e9n log\u00edstico de mercanc\u00edas ubicado en Quart de Poblet, pr\u00f3ximo al aeropuerto de Valencia.<\/span><\/div><a class=\"image\" href=\"https:\/\/maritimasureste.com\/en\/company\/locations\/valencia\/\" title=\"Logistics warehouse in Valencia\"><img loading=\"lazy\" decoding=\"async\" width=\"340\" height=\"200\" src=\"https:\/\/maritimasureste.com\/en\/wp-content\/uploads\/sites\/3\/2023\/09\/Almacen-Logistico-Cheste-Valencia-Grupo-Maritima-Sureste-340x200.jpg\" class=\"attachment-medium size-medium wp-post-image\" alt=\"-\" srcset=\"https:\/\/maritimasureste.com\/en\/wp-content\/uploads\/sites\/3\/2023\/09\/Almacen-Logistico-Cheste-Valencia-Grupo-Maritima-Sureste-340x200.jpg 340w, https:\/\/maritimasureste.com\/en\/wp-content\/uploads\/sites\/3\/2023\/09\/Almacen-Logistico-Cheste-Valencia-Grupo-Maritima-Sureste-768x451.jpg 768w, https:\/\/maritimasureste.com\/en\/wp-content\/uploads\/sites\/3\/2023\/09\/Almacen-Logistico-Cheste-Valencia-Grupo-Maritima-Sureste.jpg 920w\" sizes=\"auto, (max-width: 340px) 100vw, 340px\"><\/a>  <a class=\"link excerpt-more marsuricons-arrow\" href=\"https:\/\/maritimasureste.com\/en\/company\/locations\/valencia\/\">Read more<\/a><\/div><\/div>\n","protected":false},"excerpt":{"rendered":"<p>Grupo Mar\u00edtima Sureste was founded in 1977 as a family business, focusing its activity on the maritime, land, air and rail transport of goods.<\/p>\n","protected":false},"author":1,"featured_media":390,"parent":0,"menu_order":9,"comment_status":"closed","ping_status":"closed","template":"page-templates\/hero.php","meta":{"_acf_changed":false,"_genesis_hide_title":false,"_genesis_hide_breadcrumbs":false,"_genesis_hide_singular_image":false,"_genesis_hide_footer_widgets":false,"_genesis_custom_body_class":"","_genesis_custom_post_class":"","_genesis_layout":"","footnotes":""},"class_list":{"0":"post-353","1":"page","2":"type-page","3":"status-publish","4":"has-post-thumbnail","6":"entry"},"acf":[],"amp_enabled":true,"_links":{"self":[{"href":"https:\/\/maritimasureste.com\/en\/wp-json\/wp\/v2\/pages\/353","targetHints":{"allow":["GET"]}}],"collection":[{"href":"https:\/\/maritimasureste.com\/en\/wp-json\/wp\/v2\/pages"}],"about":[{"href":"https:\/\/maritimasureste.com\/en\/wp-json\/wp\/v2\/types\/page"}],"author":[{"embeddable":true,"href":"https:\/\/maritimasureste.com\/en\/wp-json\/wp\/v2\/users\/1"}],"replies":[{"embeddable":true,"href":"https:\/\/maritimasureste.com\/en\/wp-json\/wp\/v2\/comments?post=353"}],"version-history":[{"count":29,"href":"https:\/\/maritimasureste.com\/en\/wp-json\/wp\/v2\/pages\/353\/revisions"}],"predecessor-version":[{"id":2584,"href":"https:\/\/maritimasureste.com\/en\/wp-json\/wp\/v2\/pages\/353\/revisions\/2584"}],"wp:featuredmedia":[{"embeddable":true,"href":"https:\/\/maritimasureste.com\/en\/wp-json\/wp\/v2\/media\/390"}],"wp:attachment":[{"href":"https:\/\/maritimasureste.com\/en\/wp-json\/wp\/v2\/media?parent=353"}],"curies":[{"name":"wp","href":"https:\/\/api.w.org\/{rel}","templated":true}]}}