{"id":354,"date":"2021-02-24T13:09:43","date_gmt":"2021-02-24T12:09:43","guid":{"rendered":"https:\/\/maritimasureste.com\/?page_id=354"},"modified":"2024-08-21T13:23:01","modified_gmt":"2024-08-21T11:23:01","slug":"locations","status":"publish","type":"page","link":"https:\/\/maritimasureste.com\/en\/company\/locations\/","title":{"rendered":"Locations"},"content":{"rendered":"\n<p>Grupo Mar\u00edtima Sureste, a consolidated logistics operator, offers you a number of delegations in west and south of Spain.<\/p>\n\n\n\n<p>Our main office is based in Murcia, in the southeast of Spain, location that gives our company its name.<\/p>\n\n\n\n<p>We also have representation and partners on the five continents, not only to provide you with solutions for the international freight transport, but also to offer you a global logistics experience.<\/p>\n\n\n\n<h2 class=\"wp-block-heading\">Where we are located<\/h2>\n\n\n\n<div class=\"cards-listing\"><div class=\"card-item\"><div class=\"content\"><h3 class=\"card-title ez-toc-exclude-headings\"><a href=\"https:\/\/maritimasureste.com\/en\/company\/locations\/head-office\/\">Head Office in Murcia<\/a><\/h3> <span class=\"excerpt\">Head office of Grupo Mar\u00edtima Sureste in the Region of Murcia, located in El Estrecho de Fuente \u00c1lamo. Head office.<\/span><\/div><a class=\"image\" href=\"https:\/\/maritimasureste.com\/en\/company\/locations\/head-office\/\" title=\"Head Office\"><img loading=\"lazy\" decoding=\"async\" width=\"340\" height=\"200\" src=\"https:\/\/maritimasureste.com\/en\/wp-content\/uploads\/sites\/3\/2021\/04\/central-headquarters-in-el-estrecho-de-fuente-alamo-grupo-maritima-sureste-340x200.jpg\" class=\"attachment-medium size-medium wp-post-image\" alt=\"Central headquarters in El Estrecho de Fuente \u00c1lamo - Grupo Mar\u00edtima Sureste\" srcset=\"https:\/\/maritimasureste.com\/en\/wp-content\/uploads\/sites\/3\/2021\/04\/central-headquarters-in-el-estrecho-de-fuente-alamo-grupo-maritima-sureste-340x200.jpg 340w, https:\/\/maritimasureste.com\/en\/wp-content\/uploads\/sites\/3\/2021\/04\/central-headquarters-in-el-estrecho-de-fuente-alamo-grupo-maritima-sureste-768x451.jpg 768w, https:\/\/maritimasureste.com\/en\/wp-content\/uploads\/sites\/3\/2021\/04\/central-headquarters-in-el-estrecho-de-fuente-alamo-grupo-maritima-sureste.jpg 920w\" sizes=\"auto, (max-width: 340px) 100vw, 340px\" \/><\/a> <\/div><div class=\"card-item\"><div class=\"content\"><h3 class=\"card-title ez-toc-exclude-headings\"><a href=\"https:\/\/maritimasureste.com\/en\/company\/locations\/murcia\/\">Logistics Warehouse Murcia<\/a><\/h3> <span class=\"excerpt\">Logistics warehouse located in the Nonduermas intermodal freight station in Murcia.<\/span><\/div><a class=\"image\" href=\"https:\/\/maritimasureste.com\/en\/company\/locations\/murcia\/\" title=\"Logistics Warehouse in Murcia\"><img loading=\"lazy\" decoding=\"async\" width=\"340\" height=\"200\" src=\"https:\/\/maritimasureste.com\/en\/wp-content\/uploads\/sites\/3\/2021\/04\/logistics-warehouse-located-at-the-nonduermas-rail-freight-terminal-in-murcia-maritima-sureste-340x200.jpg\" class=\"attachment-medium size-medium wp-post-image\" alt=\"Logistics warehouse located at the Nonduermas rail freight terminal in Murcia - Maritima Sureste\" srcset=\"https:\/\/maritimasureste.com\/en\/wp-content\/uploads\/sites\/3\/2021\/04\/logistics-warehouse-located-at-the-nonduermas-rail-freight-terminal-in-murcia-maritima-sureste-340x200.jpg 340w, https:\/\/maritimasureste.com\/en\/wp-content\/uploads\/sites\/3\/2021\/04\/logistics-warehouse-located-at-the-nonduermas-rail-freight-terminal-in-murcia-maritima-sureste-768x451.jpg 768w, https:\/\/maritimasureste.com\/en\/wp-content\/uploads\/sites\/3\/2021\/04\/logistics-warehouse-located-at-the-nonduermas-rail-freight-terminal-in-murcia-maritima-sureste.jpg 920w\" sizes=\"auto, (max-width: 340px) 100vw, 340px\" \/><\/a> <\/div><div class=\"card-item\"><div class=\"content\"><h3 class=\"card-title ez-toc-exclude-headings\"><a href=\"https:\/\/maritimasureste.com\/en\/company\/locations\/depot\/\">Shipping Container Depot<\/a><\/h3> <span class=\"excerpt\">Shipping container depot and outdoor storage of freight in Campo de Cartagena, Murcia, Spain.<\/span><\/div><a class=\"image\" href=\"https:\/\/maritimasureste.com\/en\/company\/locations\/depot\/\" title=\"Container Depot in Cartagena\"><img loading=\"lazy\" decoding=\"async\" width=\"340\" height=\"200\" src=\"https:\/\/maritimasureste.com\/en\/wp-content\/uploads\/sites\/3\/2021\/04\/shipping-container-depot-and-open-air-storage-of-goods-in-campo-de-cartagena-murcia-spain-340x200.jpg\" class=\"attachment-medium size-medium wp-post-image\" alt=\"Shipping container depot and open air storage of goods in Campo de Cartagena, Murcia, Spain\" srcset=\"https:\/\/maritimasureste.com\/en\/wp-content\/uploads\/sites\/3\/2021\/04\/shipping-container-depot-and-open-air-storage-of-goods-in-campo-de-cartagena-murcia-spain-340x200.jpg 340w, https:\/\/maritimasureste.com\/en\/wp-content\/uploads\/sites\/3\/2021\/04\/shipping-container-depot-and-open-air-storage-of-goods-in-campo-de-cartagena-murcia-spain-768x451.jpg 768w, https:\/\/maritimasureste.com\/en\/wp-content\/uploads\/sites\/3\/2021\/04\/shipping-container-depot-and-open-air-storage-of-goods-in-campo-de-cartagena-murcia-spain.jpg 920w\" sizes=\"auto, (max-width: 340px) 100vw, 340px\" \/><\/a> <\/div><div class=\"card-item\"><div class=\"content\"><h3 class=\"card-title ez-toc-exclude-headings\"><a href=\"https:\/\/maritimasureste.com\/en\/company\/locations\/alicante\/\">Alicante Branch Office<\/a><\/h3> <span class=\"excerpt\">Provincial branch in Alicante of Grupo Mar\u00edtima Sureste with service throughout the Valencian Community.<\/span><\/div><a class=\"image\" href=\"https:\/\/maritimasureste.com\/en\/company\/locations\/alicante\/\" title=\"Alicante Branch Office\"><img loading=\"lazy\" decoding=\"async\" width=\"340\" height=\"200\" src=\"https:\/\/maritimasureste.com\/en\/wp-content\/uploads\/sites\/3\/2021\/04\/head-office-of-grupo-maritima-sureste-for-the-province-of-alicante-340x200.jpg\" class=\"attachment-medium size-medium wp-post-image\" alt=\"Head office of Grupo Mar\u00edtima Sureste for the province of Alicante\" srcset=\"https:\/\/maritimasureste.com\/en\/wp-content\/uploads\/sites\/3\/2021\/04\/head-office-of-grupo-maritima-sureste-for-the-province-of-alicante-340x200.jpg 340w, https:\/\/maritimasureste.com\/en\/wp-content\/uploads\/sites\/3\/2021\/04\/head-office-of-grupo-maritima-sureste-for-the-province-of-alicante-768x451.jpg 768w, https:\/\/maritimasureste.com\/en\/wp-content\/uploads\/sites\/3\/2021\/04\/head-office-of-grupo-maritima-sureste-for-the-province-of-alicante.jpg 920w\" sizes=\"auto, (max-width: 340px) 100vw, 340px\" \/><\/a> <\/div><div class=\"card-item\"><div class=\"content\"><h3 class=\"card-title ez-toc-exclude-headings\"><a href=\"https:\/\/maritimasureste.com\/en\/company\/locations\/jaen\/\">Offices in Ja\u00e9n<\/a><\/h3> <span class=\"excerpt\">Provincial office of Mar\u00edtima Sureste in Ja\u00e9n. Offices located in Av. Libertad in \u00dabeda.<\/span><\/div><a class=\"image\" href=\"https:\/\/maritimasureste.com\/en\/company\/locations\/jaen\/\" title=\"Offices in \u00dabeda, Ja\u00e9n\"><img loading=\"lazy\" decoding=\"async\" width=\"340\" height=\"200\" src=\"https:\/\/maritimasureste.com\/en\/wp-content\/uploads\/sites\/3\/2021\/06\/ubeda-freight-forwarding-company-340x200.jpg\" class=\"attachment-medium size-medium wp-post-image\" alt=\"Basilica de \u00dabeda - Location of forwarding company for the transport of goods\" srcset=\"https:\/\/maritimasureste.com\/en\/wp-content\/uploads\/sites\/3\/2021\/06\/ubeda-freight-forwarding-company-340x200.jpg 340w, https:\/\/maritimasureste.com\/en\/wp-content\/uploads\/sites\/3\/2021\/06\/ubeda-freight-forwarding-company-768x451.jpg 768w, https:\/\/maritimasureste.com\/en\/wp-content\/uploads\/sites\/3\/2021\/06\/ubeda-freight-forwarding-company.jpg 920w\" sizes=\"auto, (max-width: 340px) 100vw, 340px\" \/><\/a> <\/div><div class=\"card-item\"><div class=\"content\"><h3 class=\"card-title ez-toc-exclude-headings\"><a href=\"https:\/\/maritimasureste.com\/en\/company\/locations\/valencia\/\">Almac\u00e9n log\u00edstico Valencia<\/a><\/h3> <span class=\"excerpt\">Almac\u00e9n log\u00edstico de mercanc\u00edas ubicado en Quart de Poblet, pr\u00f3ximo al aeropuerto de Valencia.<\/span><\/div><a class=\"image\" href=\"https:\/\/maritimasureste.com\/en\/company\/locations\/valencia\/\" title=\"Logistics warehouse in Valencia\"><img loading=\"lazy\" decoding=\"async\" width=\"340\" height=\"200\" src=\"https:\/\/maritimasureste.com\/en\/wp-content\/uploads\/sites\/3\/2023\/09\/Almacen-Logistico-Cheste-Valencia-Grupo-Maritima-Sureste-340x200.jpg\" class=\"attachment-medium size-medium wp-post-image\" alt=\"-\" srcset=\"https:\/\/maritimasureste.com\/en\/wp-content\/uploads\/sites\/3\/2023\/09\/Almacen-Logistico-Cheste-Valencia-Grupo-Maritima-Sureste-340x200.jpg 340w, https:\/\/maritimasureste.com\/en\/wp-content\/uploads\/sites\/3\/2023\/09\/Almacen-Logistico-Cheste-Valencia-Grupo-Maritima-Sureste-768x451.jpg 768w, https:\/\/maritimasureste.com\/en\/wp-content\/uploads\/sites\/3\/2023\/09\/Almacen-Logistico-Cheste-Valencia-Grupo-Maritima-Sureste.jpg 920w\" sizes=\"auto, (max-width: 340px) 100vw, 340px\"><\/a> <\/div><\/div>\n","protected":false},"excerpt":{"rendered":"<p>Grupo Mar\u00edtima Sureste, a consolidated logistics operator, offers you a number of delegations in west and south of Spain. Our main office is based in Murcia, in the southeast of Spain, location that gives our company its name. We also have representation and partners on the five continents, not only to provide you with solutions [&hellip;]<\/p>\n","protected":false},"author":1,"featured_media":1795,"parent":353,"menu_order":1,"comment_status":"closed","ping_status":"closed","template":"","meta":{"_acf_changed":false,"_genesis_hide_title":false,"_genesis_hide_breadcrumbs":false,"_genesis_hide_singular_image":false,"_genesis_hide_footer_widgets":false,"_genesis_custom_body_class":"","_genesis_custom_post_class":"","_genesis_layout":"","footnotes":""},"class_list":{"0":"post-354","1":"page","2":"type-page","3":"status-publish","4":"has-post-thumbnail","6":"entry"},"acf":[],"amp_enabled":true,"_links":{"self":[{"href":"https:\/\/maritimasureste.com\/en\/wp-json\/wp\/v2\/pages\/354","targetHints":{"allow":["GET"]}}],"collection":[{"href":"https:\/\/maritimasureste.com\/en\/wp-json\/wp\/v2\/pages"}],"about":[{"href":"https:\/\/maritimasureste.com\/en\/wp-json\/wp\/v2\/types\/page"}],"author":[{"embeddable":true,"href":"https:\/\/maritimasureste.com\/en\/wp-json\/wp\/v2\/users\/1"}],"replies":[{"embeddable":true,"href":"https:\/\/maritimasureste.com\/en\/wp-json\/wp\/v2\/comments?post=354"}],"version-history":[{"count":15,"href":"https:\/\/maritimasureste.com\/en\/wp-json\/wp\/v2\/pages\/354\/revisions"}],"predecessor-version":[{"id":2963,"href":"https:\/\/maritimasureste.com\/en\/wp-json\/wp\/v2\/pages\/354\/revisions\/2963"}],"up":[{"embeddable":true,"href":"https:\/\/maritimasureste.com\/en\/wp-json\/wp\/v2\/pages\/353"}],"wp:featuredmedia":[{"embeddable":true,"href":"https:\/\/maritimasureste.com\/en\/wp-json\/wp\/v2\/media\/1795"}],"wp:attachment":[{"href":"https:\/\/maritimasureste.com\/en\/wp-json\/wp\/v2\/media?parent=354"}],"curies":[{"name":"wp","href":"https:\/\/api.w.org\/{rel}","templated":true}]}}