{"id":356,"date":"2021-02-24T13:09:43","date_gmt":"2021-02-24T12:09:43","guid":{"rendered":"https:\/\/maritimasureste.com\/?page_id=356"},"modified":"2021-11-18T12:38:36","modified_gmt":"2021-11-18T11:38:36","slug":"depot","status":"publish","type":"page","link":"https:\/\/maritimasureste.com\/en\/company\/locations\/depot\/","title":{"rendered":"Container Depot in Cartagena"},"content":{"rendered":"\n<div class=\"wp-block-group alignfull highlight expanded\"><div class=\"wp-block-group__inner-container is-layout-flow wp-block-group-is-layout-flow\">\n<h2 class=\"has-text-align-center wp-block-heading\">Logistics warehouse and shipping container depot in Murcia, Spain.<\/h2>\n\n\n\n<div style=\"height:20px\" aria-hidden=\"true\" class=\"wp-block-spacer\"><\/div>\n\n\n\n<div class=\"wp-block-columns are-vertically-aligned-center is-layout-flex wp-container-core-columns-is-layout-9d6595d7 wp-block-columns-is-layout-flex\">\n<div class=\"wp-block-column is-vertically-aligned-center is-layout-flow wp-block-column-is-layout-flow\" style=\"flex-basis:50%\">\n<figure class=\"wp-block-image size-large\"><img loading=\"lazy\" decoding=\"async\" width=\"920\" height=\"540\" src=\"https:\/\/maritimasureste.com\/en\/wp-content\/uploads\/sites\/3\/2021\/04\/shipping-container-depot-and-open-air-storage-of-goods-in-campo-de-cartagena-murcia-spain.jpg\" alt=\"Shipping container depot and open air storage of goods in Campo de Cartagena, Murcia, Spain\" class=\"wp-image-985\" srcset=\"https:\/\/maritimasureste.com\/en\/wp-content\/uploads\/sites\/3\/2021\/04\/shipping-container-depot-and-open-air-storage-of-goods-in-campo-de-cartagena-murcia-spain.jpg 920w, https:\/\/maritimasureste.com\/en\/wp-content\/uploads\/sites\/3\/2021\/04\/shipping-container-depot-and-open-air-storage-of-goods-in-campo-de-cartagena-murcia-spain-340x200.jpg 340w, https:\/\/maritimasureste.com\/en\/wp-content\/uploads\/sites\/3\/2021\/04\/shipping-container-depot-and-open-air-storage-of-goods-in-campo-de-cartagena-murcia-spain-768x451.jpg 768w\" sizes=\"auto, (max-width: 920px) 100vw, 920px\" \/><\/figure>\n<\/div>\n\n\n\n<div class=\"wp-block-column is-vertically-aligned-center is-layout-flow wp-block-column-is-layout-flow\" style=\"flex-basis:50%\">\n<p>Shipping container and goods depot located in Campo de Cartagena, 21 km from the seaport and 10 km from Murcia airport.<\/p>\n\n\n\n<p>In this location we already have more than 15,000 m\u00b2 of outdoor storage space and we are planning to build three covered warehouses.<\/p>\n\n\n\n<p>We have specific machinery for loading and unloading goods, as well as a tilting platform for automatic transfer between trucks and sea containers.<\/p>\n\n\n\n<p>All the space has the maximum specific security measures that guarantee the storage of all types of containers with a capacity of 1,500 TEUs.<\/p>\n<\/div>\n<\/div>\n<\/div><\/div>\n\n\n\n<div class=\"wp-block-group datos-contacto\"><div class=\"wp-block-group__inner-container is-layout-flow wp-block-group-is-layout-flow\">\n<span class=\"anchor\" id=\"contact-details\"><\/span>\n\n\n\n<div class=\"wp-block-group gcontact\"><div class=\"wp-block-group__inner-container is-layout-flow wp-block-group-is-layout-flow\">\n<h3 class=\"wp-block-heading\">Contact<\/h3>\n\n\n\n<ul class=\"wp-block-list\" id=\"block-e7794b9e-f654-4dcd-81d4-9e7d1d9e6946\"><li>Phone number: <br><a class=\"rank-math-link\" href=\"tel:+34968159798\" data-type=\"tel\" data-id=\"tel:+34968159798\">(+34) 968 15 97 98<\/a><\/li><li>Email: info<span class=\"arroba\"><\/span>marsur.co.uk<\/li><\/ul>\n<\/div><\/div>\n\n\n\n<div class=\"wp-block-group gaddress\"><div class=\"wp-block-group__inner-container is-layout-flow wp-block-group-is-layout-flow\">\n<h3 class=\"wp-block-heading\">Address<\/h3>\n\n\n\n<p>Carretera RM-E14 s\/n, 30332<br>Estrecho de Fuente \u00c1lamo, Murcia<\/p>\n\n\n\n<p><a class=\"rank-math-link\" href=\"https:\/\/www.google.com\/maps?cid=9792043830303820498\" target=\"_blank\" data-type=\"URL\" rel=\"noreferrer noopener\">View in Google Maps<\/a><\/p>\n\n\n\n<p><strong>GPS coordinates:<\/strong><br>37\u00b0 43&#8242; 47.658\u201d N<br>1\u00b0 6&#8242; 8.021\u201d W<\/p>\n<\/div><\/div>\n\n\n\n<div class=\"wp-block-group gtime\"><div class=\"wp-block-group__inner-container is-layout-flow wp-block-group-is-layout-flow\">\n<h3 class=\"wp-block-heading\">Opening hours<\/h3>\n\n\n\n<p>Monday to Friday<br>7:30 a 19:30<\/p>\n<\/div><\/div>\n\n\n\n<div class=\"wp-block-group gdrive\"><div class=\"wp-block-group__inner-container is-layout-flow wp-block-group-is-layout-flow\">\n<h3 class=\"wp-block-heading\">How to get here<\/h3>\n\n\n\n<ul class=\"wp-block-list\"><li><a class=\"rank-math-link\" href=\"https:\/\/goo.gl\/maps\/PMao4aN8m9DvC86T7\" target=\"_blank\" data-type=\"URL\" data-id=\"https:\/\/goo.gl\/maps\/PMao4aN8m9DvC86T7\" rel=\"noreferrer noopener\">From Murcia city<\/a><\/li><li><a class=\"rank-math-link\" href=\"https:\/\/goo.gl\/maps\/zCcbSRM792UTQXfv6\" target=\"_blank\" data-type=\"URL\" data-id=\"https:\/\/goo.gl\/maps\/zCcbSRM792UTQXfv6\" rel=\"noreferrer noopener\">From Alhama de Murcia<\/a><\/li><li><a class=\"rank-math-link\" href=\"https:\/\/goo.gl\/maps\/TFh3nxwhBebtPMVz6\" target=\"_blank\" data-type=\"URL\" data-id=\"https:\/\/goo.gl\/maps\/TFh3nxwhBebtPMVz6\" rel=\"noreferrer noopener\">From Regi\u00f3n de Murcia&#8217;s Airport<\/a><\/li><li><a class=\"rank-math-link\" href=\"https:\/\/goo.gl\/maps\/W54gaMggRV5Q4PQq6\" target=\"_blank\" rel=\"noreferrer noopener\">From Cartagena&#8217;s Port<\/a><\/li><li><a class=\"rank-math-link\" href=\"https:\/\/goo.gl\/maps\/TaBvqXaKRhsaTTgw5\" target=\"_blank\" data-type=\"URL\" data-id=\"https:\/\/goo.gl\/maps\/TaBvqXaKRhsaTTgw5\" rel=\"noreferrer noopener\">From San Javier&#8217;s Airport<\/a> <\/li><\/ul>\n<\/div><\/div>\n\n\n\n<iframe src=\"https:\/\/www.google.com\/maps\/embed?pb=!1m18!1m12!1m3!1d77876.95826395668!2d-1.135936212374119!3d37.718260387768076!2m3!1f0!2f0!3f0!3m2!1i1024!2i768!4f13.1!3m3!1m2!1s0xd6365adf1a7b617%3A0x87e453fbb2508ad2!2sDepot%20de%20mercanc%C3%ADas%20%7C%20Maritima%20Sureste!5e0!3m2!1ses!2ses!4v1622563855122!5m2!1ses!2ses\" height=\"450\" loading=\"lazy\"><\/iframe>\n<\/div><\/div>\n\n\n\n<div class=\"wp-block-group alignfull highlight service-grid\"><div class=\"wp-block-group__inner-container is-layout-flow wp-block-group-is-layout-flow\">\n<h2 class=\"has-text-align-center wp-block-heading\">Logistics, storage and transport services<\/h2>\n\n\n\n<div class=\"wp-block-columns are-vertically-aligned-center is-layout-flex wp-container-core-columns-is-layout-9d6595d7 wp-block-columns-is-layout-flex\">\n<div class=\"wp-block-column is-vertically-aligned-center is-layout-flow wp-block-column-is-layout-flow\" style=\"flex-basis:33%\">\n<h3 class=\"wp-block-heading\"><a href=\"https:\/\/maritimasureste.com\/en\/logistics\/warehousing\/\" data-type=\"page\" data-id=\"147\">Freight warehousing<\/a><\/h3>\n\n\n\n<p>Storage spaces, both indoor and outdoor warehouses, for all types of goods.<\/p>\n<\/div>\n\n\n\n<div class=\"wp-block-column is-vertically-aligned-center is-layout-flow wp-block-column-is-layout-flow\" style=\"flex-basis:33%\">\n<h3 class=\"wp-block-heading\"><a href=\"https:\/\/maritimasureste.com\/en\/logistics\/picking-packing\/\" data-type=\"page\" data-id=\"152\">Packing and picking<\/a><\/h3>\n\n\n\n<p>Palletization of goods, preparation of orders for distribution and stock control.<\/p>\n<\/div>\n\n\n\n<div class=\"wp-block-column is-vertically-aligned-center is-layout-flow wp-block-column-is-layout-flow\" style=\"flex-basis:33%\">\n<h3 class=\"wp-block-heading\"><a href=\"https:\/\/maritimasureste.com\/en\/logistics\/ecommerce\/\" data-type=\"page\" data-id=\"153\">E-commerce logistics<\/a><\/h3>\n\n\n\n<p>Shipment of products and parcels in both last mile and national and international modalities.<\/p>\n<\/div>\n<\/div>\n\n\n\n<div class=\"wp-block-columns are-vertically-aligned-center is-layout-flex wp-container-core-columns-is-layout-9d6595d7 wp-block-columns-is-layout-flex\">\n<div class=\"wp-block-column is-vertically-aligned-center is-layout-flow wp-block-column-is-layout-flow\" style=\"flex-basis:33%\">\n<h3 class=\"wp-block-heading\"><a href=\"https:\/\/maritimasureste.com\/en\/logistics\/dangerous-goods\/\" data-type=\"page\" data-id=\"150\">Dangerous goods storage<\/a><\/h3>\n\n\n\n<p>Warehouse with APQ-01 and APQ-10 authorization for the storage of chemicals and hazardous substances.<\/p>\n<\/div>\n\n\n\n<div class=\"wp-block-column is-vertically-aligned-center is-layout-flow wp-block-column-is-layout-flow\" style=\"flex-basis:33%\">\n<h3 class=\"wp-block-heading\"><a href=\"https:\/\/maritimasureste.com\/en\/sea\/containers-sale\/\" data-type=\"page\" data-id=\"112\">Sale of semi-new shipping containers<\/a><\/h3>\n\n\n\n<p>We have a wide range of used maritime containers to buy or rent.<\/p>\n<\/div>\n\n\n\n<div class=\"wp-block-column is-vertically-aligned-center is-layout-flow wp-block-column-is-layout-flow\" style=\"flex-basis:33%\">\n<h3 class=\"wp-block-heading\">Special cargo storage<\/h3>\n\n\n\n<p>We have specific machinery such as a bridge crane and Reach Stacker to handle oversized loads.<\/p>\n<\/div>\n<\/div>\n<\/div><\/div>\n\n\n\n<div class=\"wp-block-group alignfull expanded\"><div class=\"wp-block-group__inner-container is-layout-flow wp-block-group-is-layout-flow\">\n<div class=\"wp-block-columns are-vertically-aligned-center is-layout-flex wp-container-core-columns-is-layout-9d6595d7 wp-block-columns-is-layout-flex\">\n<div class=\"wp-block-column is-vertically-aligned-center is-layout-flow wp-block-column-is-layout-flow\" style=\"flex-basis:40%\">\n<figure class=\"wp-block-image size-large\"><img loading=\"lazy\" decoding=\"async\" width=\"920\" height=\"540\" src=\"https:\/\/maritimasureste.com\/en\/wp-content\/uploads\/sites\/3\/2021\/04\/shipping-container-depot-and-open-air-storage-of-goods-in-campo-de-cartagena-murcia-spain.jpg\" alt=\"Shipping container depot and open air storage of goods in Campo de Cartagena, Murcia, Spain\" class=\"wp-image-985\" srcset=\"https:\/\/maritimasureste.com\/en\/wp-content\/uploads\/sites\/3\/2021\/04\/shipping-container-depot-and-open-air-storage-of-goods-in-campo-de-cartagena-murcia-spain.jpg 920w, https:\/\/maritimasureste.com\/en\/wp-content\/uploads\/sites\/3\/2021\/04\/shipping-container-depot-and-open-air-storage-of-goods-in-campo-de-cartagena-murcia-spain-340x200.jpg 340w, https:\/\/maritimasureste.com\/en\/wp-content\/uploads\/sites\/3\/2021\/04\/shipping-container-depot-and-open-air-storage-of-goods-in-campo-de-cartagena-murcia-spain-768x451.jpg 768w\" sizes=\"auto, (max-width: 920px) 100vw, 920px\" \/><\/figure>\n\n\n\n<p><\/p>\n<\/div>\n\n\n\n<div class=\"wp-block-column is-vertically-aligned-center is-layout-flow wp-block-column-is-layout-flow\" style=\"flex-basis:60%\">\n<h2 class=\"has-text-align-left wp-block-heading\">Other services of interest<\/h2>\n\n\n\n<ul class=\"wp-block-list\"><li>Workshop with maintenance and repair service for all types of containers.<\/li><li>Logistic warehouse for storage and handling of any kind of cargo.<\/li><li>Connection points for REEFERs containers.<\/li><li>Weighbridge with VGM certificate.<\/li><li>CODECOS sending system via EDI (SP Depot SOLPORT software).<\/li><li>Automatic platform to speed up the loading and unloading of trucks and special goods containers with a single operator.<\/li><\/ul>\n<\/div>\n<\/div>\n<\/div><\/div>\n\n\n\n<div class=\"wp-block-group alignwide\"><div class=\"wp-block-group__inner-container is-layout-flow wp-block-group-is-layout-flow\">\n<figure class=\"wp-block-embed is-type-video is-provider-youtube wp-block-embed-youtube wp-embed-aspect-16-9 wp-has-aspect-ratio\"><div class=\"wp-block-embed__wrapper\">\n<iframe loading=\"lazy\" title=\"Operaci\u00f3n de transbordo con plataforma autom\u00e1tica | Grupo Mar\u00edtima Sureste\" width=\"500\" height=\"281\" src=\"https:\/\/www.youtube.com\/embed\/ZCNikfzWy_c?feature=oembed\" frameborder=\"0\" allow=\"accelerometer; autoplay; clipboard-write; encrypted-media; gyroscope; picture-in-picture; web-share\" referrerpolicy=\"strict-origin-when-cross-origin\" allowfullscreen><\/iframe>\n<\/div><\/figure>\n<\/div><\/div>\n\n\n\n<div style=\"height:24px\" aria-hidden=\"true\" class=\"wp-block-spacer\"><\/div>\n\n\n\n<h2 class=\"has-text-align-center wp-block-heading\">Our other locations<\/h2>\n\n\n\n<p class=\"has-text-align-center\">Come and visit our offices and branches to see what we can do for you.<\/p>\n\n\n<div class=\"cards-listing\"><div class=\"card-item\"><div class=\"content\"><h3 class=\"card-title ez-toc-exclude-headings\"><a href=\"https:\/\/maritimasureste.com\/en\/company\/locations\/head-office\/\">Head Office in Murcia<\/a><\/h3> <span class=\"excerpt\">Head office of Grupo Mar\u00edtima Sureste in the Region of Murcia, located in El Estrecho de Fuente \u00c1lamo. Head office.<\/span><\/div><a class=\"image\" href=\"https:\/\/maritimasureste.com\/en\/company\/locations\/head-office\/\" title=\"Head Office\"><img loading=\"lazy\" decoding=\"async\" width=\"340\" height=\"200\" src=\"https:\/\/maritimasureste.com\/en\/wp-content\/uploads\/sites\/3\/2021\/04\/central-headquarters-in-el-estrecho-de-fuente-alamo-grupo-maritima-sureste-340x200.jpg\" class=\"attachment-medium size-medium wp-post-image\" alt=\"Central headquarters in El Estrecho de Fuente \u00c1lamo - Grupo Mar\u00edtima Sureste\" srcset=\"https:\/\/maritimasureste.com\/en\/wp-content\/uploads\/sites\/3\/2021\/04\/central-headquarters-in-el-estrecho-de-fuente-alamo-grupo-maritima-sureste-340x200.jpg 340w, https:\/\/maritimasureste.com\/en\/wp-content\/uploads\/sites\/3\/2021\/04\/central-headquarters-in-el-estrecho-de-fuente-alamo-grupo-maritima-sureste-768x451.jpg 768w, https:\/\/maritimasureste.com\/en\/wp-content\/uploads\/sites\/3\/2021\/04\/central-headquarters-in-el-estrecho-de-fuente-alamo-grupo-maritima-sureste.jpg 920w\" sizes=\"auto, (max-width: 340px) 100vw, 340px\" \/><\/a> <\/div><div class=\"card-item\"><div class=\"content\"><h3 class=\"card-title ez-toc-exclude-headings\"><a href=\"https:\/\/maritimasureste.com\/en\/company\/locations\/murcia\/\">Logistics Warehouse Murcia<\/a><\/h3> <span class=\"excerpt\">Logistics warehouse located in the Nonduermas intermodal freight station in Murcia.<\/span><\/div><a class=\"image\" href=\"https:\/\/maritimasureste.com\/en\/company\/locations\/murcia\/\" title=\"Logistics Warehouse in Murcia\"><img loading=\"lazy\" decoding=\"async\" width=\"340\" height=\"200\" src=\"https:\/\/maritimasureste.com\/en\/wp-content\/uploads\/sites\/3\/2021\/04\/logistics-warehouse-located-at-the-nonduermas-rail-freight-terminal-in-murcia-maritima-sureste-340x200.jpg\" class=\"attachment-medium size-medium wp-post-image\" alt=\"Logistics warehouse located at the Nonduermas rail freight terminal in Murcia - Maritima Sureste\" srcset=\"https:\/\/maritimasureste.com\/en\/wp-content\/uploads\/sites\/3\/2021\/04\/logistics-warehouse-located-at-the-nonduermas-rail-freight-terminal-in-murcia-maritima-sureste-340x200.jpg 340w, https:\/\/maritimasureste.com\/en\/wp-content\/uploads\/sites\/3\/2021\/04\/logistics-warehouse-located-at-the-nonduermas-rail-freight-terminal-in-murcia-maritima-sureste-768x451.jpg 768w, https:\/\/maritimasureste.com\/en\/wp-content\/uploads\/sites\/3\/2021\/04\/logistics-warehouse-located-at-the-nonduermas-rail-freight-terminal-in-murcia-maritima-sureste.jpg 920w\" sizes=\"auto, (max-width: 340px) 100vw, 340px\" \/><\/a> <\/div><div class=\"card-item\"><div class=\"content\"><h3 class=\"card-title ez-toc-exclude-headings\"><a href=\"https:\/\/maritimasureste.com\/en\/company\/locations\/alicante\/\">Alicante Branch Office<\/a><\/h3> <span class=\"excerpt\">Provincial branch in Alicante of Grupo Mar\u00edtima Sureste with service throughout the Valencian Community.<\/span><\/div><a class=\"image\" href=\"https:\/\/maritimasureste.com\/en\/company\/locations\/alicante\/\" title=\"Alicante Branch Office\"><img loading=\"lazy\" decoding=\"async\" width=\"340\" height=\"200\" src=\"https:\/\/maritimasureste.com\/en\/wp-content\/uploads\/sites\/3\/2021\/04\/head-office-of-grupo-maritima-sureste-for-the-province-of-alicante-340x200.jpg\" class=\"attachment-medium size-medium wp-post-image\" alt=\"Head office of Grupo Mar\u00edtima Sureste for the province of Alicante\" srcset=\"https:\/\/maritimasureste.com\/en\/wp-content\/uploads\/sites\/3\/2021\/04\/head-office-of-grupo-maritima-sureste-for-the-province-of-alicante-340x200.jpg 340w, https:\/\/maritimasureste.com\/en\/wp-content\/uploads\/sites\/3\/2021\/04\/head-office-of-grupo-maritima-sureste-for-the-province-of-alicante-768x451.jpg 768w, https:\/\/maritimasureste.com\/en\/wp-content\/uploads\/sites\/3\/2021\/04\/head-office-of-grupo-maritima-sureste-for-the-province-of-alicante.jpg 920w\" sizes=\"auto, (max-width: 340px) 100vw, 340px\" \/><\/a> <\/div><\/div>\n\n\n\n<div class=\"wp-block-buttons alignwide is-content-justification-center is-layout-flex wp-block-buttons-is-layout-flex\">\n<div class=\"wp-block-button is-style-fill\"><a class=\"wp-block-button__link\" href=\"https:\/\/maritimasureste.com\/en\/company\/locations\/\">See all our locations<\/a><\/div>\n<\/div>\n","protected":false},"excerpt":{"rendered":"<p>Shipping container depot and outdoor storage of freight in Campo de Cartagena, Murcia, Spain.<\/p>\n","protected":false},"author":1,"featured_media":985,"parent":354,"menu_order":3,"comment_status":"closed","ping_status":"closed","template":"page-templates\/hero.php","meta":{"_acf_changed":false,"_genesis_hide_title":false,"_genesis_hide_breadcrumbs":false,"_genesis_hide_singular_image":false,"_genesis_hide_footer_widgets":false,"_genesis_custom_body_class":"","_genesis_custom_post_class":"","_genesis_layout":"","footnotes":""},"class_list":{"0":"post-356","1":"page","2":"type-page","3":"status-publish","4":"has-post-thumbnail","6":"entry"},"acf":[],"amp_enabled":true,"_links":{"self":[{"href":"https:\/\/maritimasureste.com\/en\/wp-json\/wp\/v2\/pages\/356","targetHints":{"allow":["GET"]}}],"collection":[{"href":"https:\/\/maritimasureste.com\/en\/wp-json\/wp\/v2\/pages"}],"about":[{"href":"https:\/\/maritimasureste.com\/en\/wp-json\/wp\/v2\/types\/page"}],"author":[{"embeddable":true,"href":"https:\/\/maritimasureste.com\/en\/wp-json\/wp\/v2\/users\/1"}],"replies":[{"embeddable":true,"href":"https:\/\/maritimasureste.com\/en\/wp-json\/wp\/v2\/comments?post=356"}],"version-history":[{"count":31,"href":"https:\/\/maritimasureste.com\/en\/wp-json\/wp\/v2\/pages\/356\/revisions"}],"predecessor-version":[{"id":2865,"href":"https:\/\/maritimasureste.com\/en\/wp-json\/wp\/v2\/pages\/356\/revisions\/2865"}],"up":[{"embeddable":true,"href":"https:\/\/maritimasureste.com\/en\/wp-json\/wp\/v2\/pages\/354"}],"wp:featuredmedia":[{"embeddable":true,"href":"https:\/\/maritimasureste.com\/en\/wp-json\/wp\/v2\/media\/985"}],"wp:attachment":[{"href":"https:\/\/maritimasureste.com\/en\/wp-json\/wp\/v2\/media?parent=356"}],"curies":[{"name":"wp","href":"https:\/\/api.w.org\/{rel}","templated":true}]}}