{"id":357,"date":"2021-02-24T13:09:43","date_gmt":"2021-02-24T12:09:43","guid":{"rendered":"https:\/\/maritimasureste.com\/?page_id=357"},"modified":"2021-12-13T18:03:53","modified_gmt":"2021-12-13T17:03:53","slug":"murcia","status":"publish","type":"page","link":"https:\/\/maritimasureste.com\/en\/company\/locations\/murcia\/","title":{"rendered":"Logistics Warehouse in Murcia"},"content":{"rendered":"\n<div class=\"wp-block-group alignfull highlight expanded\"><div class=\"wp-block-group__inner-container is-layout-flow wp-block-group-is-layout-flow\">\n<h2 class=\"has-text-align-center wp-block-heading\">Logistics warehouse and rail intermodal station in Murcia<\/h2>\n\n\n\n<div style=\"height:20px\" aria-hidden=\"true\" class=\"wp-block-spacer\"><\/div>\n\n\n\n<div class=\"wp-block-columns are-vertically-aligned-center is-layout-flex wp-container-core-columns-is-layout-9d6595d7 wp-block-columns-is-layout-flex\">\n<div class=\"wp-block-column is-vertically-aligned-center is-layout-flow wp-block-column-is-layout-flow\" style=\"flex-basis:50%\">\n<figure class=\"wp-block-image size-large\"><img loading=\"lazy\" decoding=\"async\" width=\"920\" height=\"540\" src=\"https:\/\/maritimasureste.com\/en\/wp-content\/uploads\/sites\/3\/2021\/04\/logistics-warehouse-located-at-the-nonduermas-rail-freight-terminal-in-murcia-maritima-sureste.jpg\" alt=\"Almac\u00e9n Log\u00edstico en Murcia para mercanc\u00edas, especializado en E-commerce y tiendas online - Grupo Mar\u00edtima Sureste\" class=\"wp-image-982\" srcset=\"https:\/\/maritimasureste.com\/en\/wp-content\/uploads\/sites\/3\/2021\/04\/logistics-warehouse-located-at-the-nonduermas-rail-freight-terminal-in-murcia-maritima-sureste.jpg 920w, https:\/\/maritimasureste.com\/en\/wp-content\/uploads\/sites\/3\/2021\/04\/logistics-warehouse-located-at-the-nonduermas-rail-freight-terminal-in-murcia-maritima-sureste-340x200.jpg 340w, https:\/\/maritimasureste.com\/en\/wp-content\/uploads\/sites\/3\/2021\/04\/logistics-warehouse-located-at-the-nonduermas-rail-freight-terminal-in-murcia-maritima-sureste-768x451.jpg 768w\" sizes=\"auto, (max-width: 920px) 100vw, 920px\" \/><\/figure>\n<\/div>\n\n\n\n<div class=\"wp-block-column is-vertically-aligned-center is-layout-flow wp-block-column-is-layout-flow\" style=\"flex-basis:50%\">\n<p>Since 2020 Grupo Mar\u00edtima Sureste has been carrying out logistics activities of storage, transhipment, loading and unloading, order preparation and distribution in the heart of the ADIF freight station in Nonduermas-Alcantarilla.<\/p>\n\n\n\n<p>As part of our commitment to expand our catalogue of services, we have recently incorporated the transport of containers by rail from Murcia to different points in Europe. With this service, the goods do not have to be transhipped, which means considerable cost savings for our customers.<\/p>\n<\/div>\n<\/div>\n<\/div><\/div>\n\n\n\n<div class=\"wp-block-group datos-contacto\"><div class=\"wp-block-group__inner-container is-layout-flow wp-block-group-is-layout-flow\">\n<span class=\"anchor\" id=\"datos-contacto\"><\/span>\n\n\n\n<div class=\"wp-block-group gcontact\"><div class=\"wp-block-group__inner-container is-layout-flow wp-block-group-is-layout-flow\">\n<h3 class=\"wp-block-heading\">Contact<\/h3>\n\n\n\n<ul class=\"wp-block-list\" id=\"block-e7794b9e-f654-4dcd-81d4-9e7d1d9e6946\"><li>Phone number: <a class=\"rank-math-link\" href=\"tel:+34968332525\" data-type=\"tel\"><br>(+34) 968 33 25 25<\/a><\/li><li>Email: info<span class=\"arroba\"><\/span>marsur.co.uk<\/li><\/ul>\n<\/div><\/div>\n\n\n\n<div class=\"wp-block-group gaddress\"><div class=\"wp-block-group__inner-container is-layout-flow wp-block-group-is-layout-flow\">\n<h3 class=\"wp-block-heading\">Address<\/h3>\n\n\n\n<p>Estaci\u00f3n Mercanc\u00edas Nonduermas<br>Crta. Alcantarilla Km. 6, 30166 Murcia<\/p>\n\n\n\n<p><a class=\"rank-math-link\" href=\"https:\/\/www.google.com\/maps?cid=14440341963353088316\" target=\"_blank\" data-type=\"URL\" rel=\"noreferrer noopener\">View in Google Maps<\/a><\/p>\n\n\n\n<p><strong><strong>GPS coordinates<\/strong>:<\/strong><br>37\u00b0 58&#8242; 5.876\u201d N<br>1\u00b0 11&#8242; 24.903\u201d W<\/p>\n<\/div><\/div>\n\n\n\n<div class=\"wp-block-group gtime\"><div class=\"wp-block-group__inner-container is-layout-flow wp-block-group-is-layout-flow\">\n<h3 class=\"wp-block-heading\">Opening hours<\/h3>\n\n\n\n<p>Monday to Friday<br>8:30 to 14:00 &#8211; 16:00 to 19:00<\/p>\n<\/div><\/div>\n\n\n\n<div class=\"wp-block-group gdrive\"><div class=\"wp-block-group__inner-container is-layout-flow wp-block-group-is-layout-flow\">\n<h3 class=\"wp-block-heading\">How to get here<\/h3>\n\n\n\n<ul class=\"wp-block-list\"><li><a class=\"rank-math-link\" href=\"https:\/\/goo.gl\/maps\/FWAa6TxyUL6k12co8\" data-type=\"URL\" data-id=\"https:\/\/goo.gl\/maps\/FWAa6TxyUL6k12co8\" target=\"_blank\" rel=\"noopener\">From Murcia city<\/a><\/li><li><a class=\"rank-math-link\" href=\"https:\/\/goo.gl\/maps\/nAPhCmapYz87NVzc9\" target=\"_blank\" data-type=\"URL\" data-id=\"https:\/\/goo.gl\/maps\/nAPhCmapYz87NVzc9\" rel=\"noreferrer noopener\">From Murcia&#8217;s train station<\/a><\/li><li><a class=\"rank-math-link\" href=\"https:\/\/goo.gl\/maps\/bR6cTkHjct32FTLq9\" target=\"_blank\" rel=\"noreferrer noopener\">From Murcia &#8211; Corvera&#8217;s airport<\/a><\/li><li><a class=\"rank-math-link\" href=\"https:\/\/goo.gl\/maps\/d6uh37mrwnzN53kz5\" data-type=\"URL\" data-id=\"https:\/\/goo.gl\/maps\/d6uh37mrwnzN53kz5\" target=\"_blank\" rel=\"noreferrer noopener\">From Cartagena&#8217;s port<\/a><\/li><li><a class=\"rank-math-link\" href=\"https:\/\/goo.gl\/maps\/AoQXnXPc8xNK8hmp7\" target=\"_blank\" data-type=\"URL\" data-id=\"https:\/\/goo.gl\/maps\/AoQXnXPc8xNK8hmp7\" rel=\"noreferrer noopener\">From Murcia &#8211; San Javier&#8217;s airport<\/a><\/li><\/ul>\n<\/div><\/div>\n\n\n\n<iframe src=\"https:\/\/www.google.com\/maps\/embed?pb=!1m18!1m12!1m3!1d59843.865660979696!2d-1.2133584875899672!3d37.97349423235604!2m3!1f0!2f0!3f0!3m2!1i1024!2i768!4f13.1!3m3!1m2!1s0x0%3A0xc8666681e8d3e13c!2sAlmac%C3%A9n%20Log%C3%ADstico%20Murcia%20%7C%20Mar%C3%ADtima%20Sureste!5e0!3m2!1ses!2ses!4v1622561991632!5m2!1ses!2ses\" height=\"450\" loading=\"lazy\"><\/iframe>\n<\/div><\/div>\n\n\n\n<div class=\"wp-block-group alignfull highlight service-grid\"><div class=\"wp-block-group__inner-container is-layout-flow wp-block-group-is-layout-flow\">\n<h2 class=\"has-text-align-center wp-block-heading\">Logistics, storage and transport services in Murcia<\/h2>\n\n\n\n<div class=\"wp-block-columns are-vertically-aligned-center is-layout-flex wp-container-core-columns-is-layout-9d6595d7 wp-block-columns-is-layout-flex\">\n<div class=\"wp-block-column is-vertically-aligned-center is-layout-flow wp-block-column-is-layout-flow\" style=\"flex-basis:33%\">\n<h3 class=\"wp-block-heading\"><a href=\"https:\/\/maritimasureste.com\/en\/logistics\/warehousing\/\" data-type=\"page\" data-id=\"147\">Warehousing of goods<\/a><\/h3>\n\n\n\n<p>With 10,000 m\u00b2 of covered space, with direct entry of vehicles and trains for unloading directly into the warehouse.<\/p>\n<\/div>\n\n\n\n<div class=\"wp-block-column is-vertically-aligned-center is-layout-flow wp-block-column-is-layout-flow\" style=\"flex-basis:33%\">\n<h3 class=\"wp-block-heading\"><a href=\"https:\/\/maritimasureste.com\/en\/logistics\/picking-packing\/\" data-type=\"page\" data-id=\"152\">Packing and picking of products<\/a><\/h3>\n\n\n\n<p>Unloading of lorries and sea containers, palletisation of goods and preparation of orders for distribution.<\/p>\n<\/div>\n\n\n\n<div class=\"wp-block-column is-vertically-aligned-center is-layout-flow wp-block-column-is-layout-flow\" style=\"flex-basis:33%\">\n<h3 class=\"wp-block-heading\"><a href=\"https:\/\/maritimasureste.com\/en\/logistics\/ecommerce\/\" data-type=\"page\" data-id=\"153\">Logistics for online shops<\/a><\/h3>\n\n\n\n<p>Order preparation and distribution of parcels in last-mile and nationwide modes.<\/p>\n<\/div>\n<\/div>\n\n\n\n<div class=\"wp-block-columns are-vertically-aligned-center is-layout-flex wp-container-core-columns-is-layout-9d6595d7 wp-block-columns-is-layout-flex\">\n<div class=\"wp-block-column is-vertically-aligned-center is-layout-flow wp-block-column-is-layout-flow\" style=\"flex-basis:33%\">\n<h3 class=\"wp-block-heading\"><a href=\"https:\/\/maritimasureste.com\/en\/land\/rail\/\" data-type=\"page\" data-id=\"77\">Rail freight transport<\/a><\/h3>\n\n\n\n<p>Freight transport service from Murcia freight station to the rest of Spain and Europe.<\/p>\n<\/div>\n\n\n\n<div class=\"wp-block-column is-vertically-aligned-center is-layout-flow wp-block-column-is-layout-flow\" style=\"flex-basis:33%\">\n<h3 class=\"wp-block-heading\">Intermodal freight station<\/h3>\n\n\n\n<p>Intermodal service between rail and road transport, without the need to transfer the goods.<\/p>\n<\/div>\n\n\n\n<div class=\"wp-block-column is-vertically-aligned-center is-layout-flow wp-block-column-is-layout-flow\" style=\"flex-basis:33%\">\n<h3 class=\"wp-block-heading\"><a href=\"https:\/\/maritimasureste.com\/en\/customs\/customs-brokers\/\" data-type=\"page\" data-id=\"343\">Customs services and clearance<\/a><\/h3>\n\n\n\n<p>Our customs brokers carry out centralised customs clearance services in Murcia city.<\/p>\n<\/div>\n<\/div>\n<\/div><\/div>\n\n\n\n<div style=\"height:24px\" aria-hidden=\"true\" class=\"wp-block-spacer\"><\/div>\n\n\n\n<h2 class=\"has-text-align-center wp-block-heading\">Our other locations<\/h2>\n\n\n\n<p class=\"has-text-align-center\">Come and visit our offices and branches to see what we can do for you.<\/p>\n\n\n<div class=\"cards-listing\"><div class=\"card-item\"><div class=\"content\"><h3 class=\"card-title ez-toc-exclude-headings\"><a href=\"https:\/\/maritimasureste.com\/en\/company\/locations\/head-office\/\">Head Office in Murcia<\/a><\/h3> <span class=\"excerpt\">Head office of Grupo Mar\u00edtima Sureste in the Region of Murcia, located in El Estrecho de Fuente \u00c1lamo. Head office.<\/span><\/div><a class=\"image\" href=\"https:\/\/maritimasureste.com\/en\/company\/locations\/head-office\/\" title=\"Head Office\"><img loading=\"lazy\" decoding=\"async\" width=\"340\" height=\"200\" src=\"https:\/\/maritimasureste.com\/en\/wp-content\/uploads\/sites\/3\/2021\/04\/central-headquarters-in-el-estrecho-de-fuente-alamo-grupo-maritima-sureste-340x200.jpg\" class=\"attachment-medium size-medium wp-post-image\" alt=\"Central headquarters in El Estrecho de Fuente \u00c1lamo - Grupo Mar\u00edtima Sureste\" srcset=\"https:\/\/maritimasureste.com\/en\/wp-content\/uploads\/sites\/3\/2021\/04\/central-headquarters-in-el-estrecho-de-fuente-alamo-grupo-maritima-sureste-340x200.jpg 340w, https:\/\/maritimasureste.com\/en\/wp-content\/uploads\/sites\/3\/2021\/04\/central-headquarters-in-el-estrecho-de-fuente-alamo-grupo-maritima-sureste-768x451.jpg 768w, https:\/\/maritimasureste.com\/en\/wp-content\/uploads\/sites\/3\/2021\/04\/central-headquarters-in-el-estrecho-de-fuente-alamo-grupo-maritima-sureste.jpg 920w\" sizes=\"auto, (max-width: 340px) 100vw, 340px\" \/><\/a> <\/div><div class=\"card-item\"><div class=\"content\"><h3 class=\"card-title ez-toc-exclude-headings\"><a href=\"https:\/\/maritimasureste.com\/en\/company\/locations\/depot\/\">Shipping Container Depot<\/a><\/h3> <span class=\"excerpt\">Shipping container depot and outdoor storage of freight in Campo de Cartagena, Murcia, Spain.<\/span><\/div><a class=\"image\" href=\"https:\/\/maritimasureste.com\/en\/company\/locations\/depot\/\" title=\"Container Depot in Cartagena\"><img loading=\"lazy\" decoding=\"async\" width=\"340\" height=\"200\" src=\"https:\/\/maritimasureste.com\/en\/wp-content\/uploads\/sites\/3\/2021\/04\/shipping-container-depot-and-open-air-storage-of-goods-in-campo-de-cartagena-murcia-spain-340x200.jpg\" class=\"attachment-medium size-medium wp-post-image\" alt=\"Shipping container depot and open air storage of goods in Campo de Cartagena, Murcia, Spain\" srcset=\"https:\/\/maritimasureste.com\/en\/wp-content\/uploads\/sites\/3\/2021\/04\/shipping-container-depot-and-open-air-storage-of-goods-in-campo-de-cartagena-murcia-spain-340x200.jpg 340w, https:\/\/maritimasureste.com\/en\/wp-content\/uploads\/sites\/3\/2021\/04\/shipping-container-depot-and-open-air-storage-of-goods-in-campo-de-cartagena-murcia-spain-768x451.jpg 768w, https:\/\/maritimasureste.com\/en\/wp-content\/uploads\/sites\/3\/2021\/04\/shipping-container-depot-and-open-air-storage-of-goods-in-campo-de-cartagena-murcia-spain.jpg 920w\" sizes=\"auto, (max-width: 340px) 100vw, 340px\" \/><\/a> <\/div><div class=\"card-item\"><div class=\"content\"><h3 class=\"card-title ez-toc-exclude-headings\"><a href=\"https:\/\/maritimasureste.com\/en\/company\/locations\/alicante\/\">Alicante Branch Office<\/a><\/h3> <span class=\"excerpt\">Provincial branch in Alicante of Grupo Mar\u00edtima Sureste with service throughout the Valencian Community.<\/span><\/div><a class=\"image\" href=\"https:\/\/maritimasureste.com\/en\/company\/locations\/alicante\/\" title=\"Alicante Branch Office\"><img loading=\"lazy\" decoding=\"async\" width=\"340\" height=\"200\" src=\"https:\/\/maritimasureste.com\/en\/wp-content\/uploads\/sites\/3\/2021\/04\/head-office-of-grupo-maritima-sureste-for-the-province-of-alicante-340x200.jpg\" class=\"attachment-medium size-medium wp-post-image\" alt=\"Head office of Grupo Mar\u00edtima Sureste for the province of Alicante\" srcset=\"https:\/\/maritimasureste.com\/en\/wp-content\/uploads\/sites\/3\/2021\/04\/head-office-of-grupo-maritima-sureste-for-the-province-of-alicante-340x200.jpg 340w, https:\/\/maritimasureste.com\/en\/wp-content\/uploads\/sites\/3\/2021\/04\/head-office-of-grupo-maritima-sureste-for-the-province-of-alicante-768x451.jpg 768w, https:\/\/maritimasureste.com\/en\/wp-content\/uploads\/sites\/3\/2021\/04\/head-office-of-grupo-maritima-sureste-for-the-province-of-alicante.jpg 920w\" sizes=\"auto, (max-width: 340px) 100vw, 340px\" \/><\/a> <\/div><\/div>\n\n\n\n<div class=\"wp-block-buttons alignwide is-content-justification-center is-layout-flex wp-block-buttons-is-layout-flex\">\n<div class=\"wp-block-button is-style-fill\"><a class=\"wp-block-button__link\" href=\"https:\/\/maritimasureste.com\/en\/company\/locations\/\">See all our locations<\/a><\/div>\n<\/div>\n","protected":false},"excerpt":{"rendered":"<p>Logistics warehouse and intermodal rail freight station located in the ADIF station of Nonduermas, in Murcia.<\/p>\n","protected":false},"author":1,"featured_media":982,"parent":354,"menu_order":2,"comment_status":"closed","ping_status":"closed","template":"page-templates\/hero.php","meta":{"_acf_changed":false,"_genesis_hide_title":false,"_genesis_hide_breadcrumbs":false,"_genesis_hide_singular_image":false,"_genesis_hide_footer_widgets":false,"_genesis_custom_body_class":"","_genesis_custom_post_class":"","_genesis_layout":"","footnotes":""},"class_list":{"0":"post-357","1":"page","2":"type-page","3":"status-publish","4":"has-post-thumbnail","6":"entry"},"acf":[],"amp_enabled":true,"_links":{"self":[{"href":"https:\/\/maritimasureste.com\/en\/wp-json\/wp\/v2\/pages\/357","targetHints":{"allow":["GET"]}}],"collection":[{"href":"https:\/\/maritimasureste.com\/en\/wp-json\/wp\/v2\/pages"}],"about":[{"href":"https:\/\/maritimasureste.com\/en\/wp-json\/wp\/v2\/types\/page"}],"author":[{"embeddable":true,"href":"https:\/\/maritimasureste.com\/en\/wp-json\/wp\/v2\/users\/1"}],"replies":[{"embeddable":true,"href":"https:\/\/maritimasureste.com\/en\/wp-json\/wp\/v2\/comments?post=357"}],"version-history":[{"count":26,"href":"https:\/\/maritimasureste.com\/en\/wp-json\/wp\/v2\/pages\/357\/revisions"}],"predecessor-version":[{"id":2904,"href":"https:\/\/maritimasureste.com\/en\/wp-json\/wp\/v2\/pages\/357\/revisions\/2904"}],"up":[{"embeddable":true,"href":"https:\/\/maritimasureste.com\/en\/wp-json\/wp\/v2\/pages\/354"}],"wp:featuredmedia":[{"embeddable":true,"href":"https:\/\/maritimasureste.com\/en\/wp-json\/wp\/v2\/media\/982"}],"wp:attachment":[{"href":"https:\/\/maritimasureste.com\/en\/wp-json\/wp\/v2\/media?parent=357"}],"curies":[{"name":"wp","href":"https:\/\/api.w.org\/{rel}","templated":true}]}}