{"id":358,"date":"2021-02-24T13:09:43","date_gmt":"2021-02-24T12:09:43","guid":{"rendered":"https:\/\/maritimasureste.com\/?page_id=358"},"modified":"2021-11-18T18:59:21","modified_gmt":"2021-11-18T17:59:21","slug":"jaen","status":"publish","type":"page","link":"https:\/\/maritimasureste.com\/en\/company\/locations\/jaen\/","title":{"rendered":"Offices in \u00dabeda, Ja\u00e9n"},"content":{"rendered":"\n<div class=\"wp-block-group alignfull highlight expanded\"><div class=\"wp-block-group__inner-container is-layout-flow wp-block-group-is-layout-flow\">\n<h2 class=\"has-text-align-center wp-block-heading\">Office of Grupo Mar\u00edtima Sureste located in Ja\u00e9n, Andaluc\u00eda<\/h2>\n\n\n\n<div style=\"height:20px\" aria-hidden=\"true\" class=\"wp-block-spacer\"><\/div>\n\n\n\n<div class=\"wp-block-columns are-vertically-aligned-center is-layout-flex wp-container-core-columns-is-layout-9d6595d7 wp-block-columns-is-layout-flex\">\n<div class=\"wp-block-column is-vertically-aligned-center is-layout-flow wp-block-column-is-layout-flow\" style=\"flex-basis:50%\">\n<figure class=\"wp-block-image size-large\"><img loading=\"lazy\" decoding=\"async\" width=\"920\" height=\"540\" src=\"https:\/\/maritimasureste.com\/en\/wp-content\/uploads\/sites\/3\/2021\/04\/sede-del-grupo-maritima-sureste-en-ubeda-jaen-de-grupo-maritima-sureste.jpg\" alt=\"Grupo Mar\u00edtima Sureste's headquarters in \u00dabeda Ja\u00e9n of Grupo Mar\u00edtima Sureste\" class=\"wp-image-963\" srcset=\"https:\/\/maritimasureste.com\/en\/wp-content\/uploads\/sites\/3\/2021\/04\/sede-del-grupo-maritima-sureste-en-ubeda-jaen-de-grupo-maritima-sureste.jpg 920w, https:\/\/maritimasureste.com\/en\/wp-content\/uploads\/sites\/3\/2021\/04\/sede-del-grupo-maritima-sureste-en-ubeda-jaen-de-grupo-maritima-sureste-340x200.jpg 340w, https:\/\/maritimasureste.com\/en\/wp-content\/uploads\/sites\/3\/2021\/04\/sede-del-grupo-maritima-sureste-en-ubeda-jaen-de-grupo-maritima-sureste-768x451.jpg 768w\" sizes=\"auto, (max-width: 920px) 100vw, 920px\" \/><\/figure>\n<\/div>\n\n\n\n<div class=\"wp-block-column is-vertically-aligned-center is-layout-flow wp-block-column-is-layout-flow\" style=\"flex-basis:50%\">\n<p>The office branch of Grupo Mar\u00edtima Sureste that offers services throughout Andalusia is located in \u00dabeda, a city in the province of Ja\u00e9n.<\/p>\n\n\n\n<p>As a freight forwarding company and logistics operator, from this location we offer goods transport services by land, sea and air for companies located in neighbouring provinces.<\/p>\n\n\n\n<div class=\"wp-block-buttons is-layout-flex wp-block-buttons-is-layout-flex\">\n<div class=\"wp-block-button marsuricons-arrow\"><a class=\"wp-block-button__link\" href=\"https:\/\/maritimasureste.com\/en\/quote\/\">Make an appointment to visit us<\/a><\/div>\n<\/div>\n<\/div>\n<\/div>\n<\/div><\/div>\n\n\n\n<div class=\"wp-block-group datos-contacto\"><div class=\"wp-block-group__inner-container is-layout-flow wp-block-group-is-layout-flow\">\n<span class=\"anchor\" id=\"datos-contacto\"><\/span>\n\n\n\n<div class=\"wp-block-group gcontact\"><div class=\"wp-block-group__inner-container is-layout-flow wp-block-group-is-layout-flow\">\n<h3 class=\"wp-block-heading\">Contact<\/h3>\n\n\n\n<ul class=\"wp-block-list\" id=\"block-e7794b9e-f654-4dcd-81d4-9e7d1d9e6946\"><li>Phone number: <br><a class=\"rank-math-link\" href=\"tel:+34953795136\" data-type=\"tel\" data-id=\"tel:+34953795136\">(+34) 953 79 51 36<\/a><\/li><li>M\u00f3vil: Juan Machuca<br><a class=\"rank-math-link\" href=\"tel:+34655559872\" data-type=\"tel\" data-id=\"tel:+34655559872\">(+34) 655 55 98 72<\/a><\/li><li>Email: j.machuca<span class=\"arroba\"><\/span>marsur.es<\/li><\/ul>\n<\/div><\/div>\n\n\n\n<div class=\"wp-block-group gaddress\"><div class=\"wp-block-group__inner-container is-layout-flow wp-block-group-is-layout-flow\">\n<h3 class=\"wp-block-heading\">Address<\/h3>\n\n\n\n<p>Av. Libertad, 20 3\u00baB, 23400<br>\u00dabeda, Ja\u00e9n<\/p>\n\n\n\n<p><a class=\"rank-math-link\" href=\"https:\/\/www.google.com\/maps?cid=868219850518119105\" target=\"_blank\" data-type=\"URL\" rel=\"noreferrer noopener\">View in Google Maps<\/a><\/p>\n\n\n\n<p><strong><strong>GPS coordinates<\/strong>:<\/strong><br>38\u00b0 0&#8242; 56.092\u201d N<br>3\u00b0 22&#8242; 8.843\u201d W<\/p>\n<\/div><\/div>\n\n\n\n<div class=\"wp-block-group gtime\"><div class=\"wp-block-group__inner-container is-layout-flow wp-block-group-is-layout-flow\">\n<h3 class=\"wp-block-heading\">Opening hours<\/h3>\n\n\n\n<p>Monday to Friday<br>9:00 to 14:00 &#8211; 16:00 to 19:30<\/p>\n<\/div><\/div>\n\n\n\n<div class=\"wp-block-group gdrive\"><div class=\"wp-block-group__inner-container is-layout-flow wp-block-group-is-layout-flow\">\n<h3 class=\"wp-block-heading\">How to get here<\/h3>\n\n\n\n<ul class=\"wp-block-list\"><li><a class=\"rank-math-link\" href=\"https:\/\/goo.gl\/maps\/yYL9K9GdGD2HkQGw8\" target=\"_blank\" data-type=\"URL\" data-id=\"https:\/\/goo.gl\/maps\/yYL9K9GdGD2HkQGw8\" rel=\"noreferrer noopener\">From Ja\u00e9n City<\/a><\/li><li><a class=\"rank-math-link\" href=\"https:\/\/goo.gl\/maps\/jeQ6nfd64EL1ALPS9\" target=\"_blank\" data-type=\"URL\" data-id=\"https:\/\/goo.gl\/maps\/jeQ6nfd64EL1ALPS9\" rel=\"noreferrer noopener\">From Linares<\/a><\/li><li><a class=\"rank-math-link\" href=\"https:\/\/goo.gl\/maps\/ejwZLbK23ZNyVyjP6\" target=\"_blank\" data-type=\"URL\" data-id=\"https:\/\/goo.gl\/maps\/ejwZLbK23ZNyVyjP6\" rel=\"noreferrer noopener\">From Villacarrillo<\/a><\/li><li><a class=\"rank-math-link\" href=\"https:\/\/goo.gl\/maps\/8bqLaLkZj256J9vBA\" target=\"_blank\" data-type=\"URL\" data-id=\"https:\/\/goo.gl\/maps\/8bqLaLkZj256J9vBA\" rel=\"noreferrer noopener\">From Bail\u00e9n<\/a><\/li><li><a class=\"rank-math-link\" href=\"https:\/\/goo.gl\/maps\/ihwBQUrvG4eNes5M9\" target=\"_blank\" data-type=\"URL\" data-id=\"https:\/\/goo.gl\/maps\/ihwBQUrvG4eNes5M9\" rel=\"noreferrer noopener\">From Federico Garc\u00eda Lorca airport<\/a><\/li><\/ul>\n<\/div><\/div>\n\n\n\n<iframe src=\"https:\/\/www.google.com\/maps\/embed?pb=!1m18!1m12!1m3!1d464966.9854588684!2d-3.558424822632602!3d37.99423588689898!2m3!1f0!2f0!3f0!3m2!1i1024!2i768!4f13.1!3m3!1m2!1s0xd6ef387e2951f8d%3A0xc0c895aa11342c1!2sGrupo%20Mar%C3%ADtima%20Sureste%20%7C%20Ja%C3%A9n!5e0!3m2!1ses!2ses!4v1622567345740!5m2!1ses!2ses\" height=\"450\" loading=\"lazy\"><\/iframe>\n<\/div><\/div>\n\n\n\n<div class=\"wp-block-group alignfull highlight service-grid\"><div class=\"wp-block-group__inner-container is-layout-flow wp-block-group-is-layout-flow\">\n<h2 class=\"has-text-align-center wp-block-heading\">Transport, logistics and customs services<\/h2>\n\n\n\n<div class=\"wp-block-columns are-vertically-aligned-center is-layout-flex wp-container-core-columns-is-layout-9d6595d7 wp-block-columns-is-layout-flex\">\n<div class=\"wp-block-column is-vertically-aligned-center is-layout-flow wp-block-column-is-layout-flow\" style=\"flex-basis:33%\">\n<h3 class=\"wp-block-heading\"><a href=\"https:\/\/maritimasureste.com\/en\/land\/road\/\" data-type=\"page\" data-id=\"70\">Road transport<\/a><\/h3>\n\n\n\n<p>Transport of all types of goods in Spain and internationally by road, by full truck or groupage.<\/p>\n<\/div>\n\n\n\n<div class=\"wp-block-column is-vertically-aligned-center is-layout-flow wp-block-column-is-layout-flow\" style=\"flex-basis:33%\">\n<h3 class=\"wp-block-heading\"><a href=\"https:\/\/maritimasureste.com\/en\/sea\/container\/\" data-type=\"page\" data-id=\"106\">International Container Shipping<\/a><\/h3>\n\n\n\n<p>We offer freight forwarding services for the transport of goods by sea container or project cargo.<\/p>\n<\/div>\n\n\n\n<div class=\"wp-block-column is-vertically-aligned-center is-layout-flow wp-block-column-is-layout-flow\" style=\"flex-basis:33%\">\n<h3 class=\"wp-block-heading\"><a href=\"https:\/\/maritimasureste.com\/en\/air\/\" data-type=\"page\" data-id=\"34\">Transport of goods by air<\/a><\/h3>\n\n\n\n<p>We transport goods by air, connecting the main airports in Spain with the rest of the world.<\/p>\n<\/div>\n<\/div>\n\n\n\n<div class=\"wp-block-columns are-vertically-aligned-center is-layout-flex wp-container-core-columns-is-layout-9d6595d7 wp-block-columns-is-layout-flex\">\n<div class=\"wp-block-column is-layout-flow wp-block-column-is-layout-flow\" style=\"flex-basis:33%\">\n<h3 class=\"wp-block-heading\"><a href=\"https:\/\/maritimasureste.com\/en\/customs\/customs-brokers\/\" data-type=\"page\" data-id=\"343\">Centralised customs clearance<\/a><\/h3>\n\n\n\n<p>As AEO, we clear goods at any authorised location in the province of Ja\u00e9n.<\/p>\n<\/div>\n\n\n\n<div class=\"wp-block-column is-vertically-aligned-center is-layout-flow wp-block-column-is-layout-flow\" style=\"flex-basis:33%\">\n<h3 class=\"wp-block-heading\"><a href=\"https:\/\/maritimasureste.com\/en\/land\/dangerous-goods\/\" data-type=\"page\" data-id=\"72\">Transport of dangerous goods by road<\/a><\/h3>\n\n\n\n<p>We carry out shipments with ADR authorisation of goods considered as dangerous goods in Ja\u00e9n and the rest of Andalusia.<\/p>\n<\/div>\n\n\n\n<div class=\"wp-block-column is-vertically-aligned-center is-layout-flow wp-block-column-is-layout-flow\" style=\"flex-basis:33%\">\n<h3 class=\"wp-block-heading\"><a href=\"https:\/\/maritimasureste.com\/en\/land\/exceptional\/\" data-type=\"page\" data-id=\"71\">Exceptional transport of special cargo<\/a><\/h3>\n\n\n\n<p>Transport of oversized goods or goods weighing more than 40 tons that require special permits.<\/p>\n<\/div>\n<\/div>\n<\/div><\/div>\n\n\n\n<div style=\"height:24px\" aria-hidden=\"true\" class=\"wp-block-spacer\"><\/div>\n\n\n\n<h2 class=\"has-text-align-center wp-block-heading\">Our other locations<\/h2>\n\n\n\n<p class=\"has-text-align-center\">Come and visit our offices and branches to see what we can do for you.<\/p>\n\n\n<div class=\"cards-listing\"><div class=\"card-item\"><div class=\"content\"><h3 class=\"card-title ez-toc-exclude-headings\"><a href=\"https:\/\/maritimasureste.com\/en\/company\/locations\/head-office\/\">Head Office in Murcia<\/a><\/h3> <span class=\"excerpt\">Head office of Grupo Mar\u00edtima Sureste in the Region of Murcia, located in El Estrecho de Fuente \u00c1lamo. Head office.<\/span><\/div><a class=\"image\" href=\"https:\/\/maritimasureste.com\/en\/company\/locations\/head-office\/\" title=\"Head Office\"><img loading=\"lazy\" decoding=\"async\" width=\"340\" height=\"200\" src=\"https:\/\/maritimasureste.com\/en\/wp-content\/uploads\/sites\/3\/2021\/04\/central-headquarters-in-el-estrecho-de-fuente-alamo-grupo-maritima-sureste-340x200.jpg\" class=\"attachment-medium size-medium wp-post-image\" alt=\"Central headquarters in El Estrecho de Fuente \u00c1lamo - Grupo Mar\u00edtima Sureste\" srcset=\"https:\/\/maritimasureste.com\/en\/wp-content\/uploads\/sites\/3\/2021\/04\/central-headquarters-in-el-estrecho-de-fuente-alamo-grupo-maritima-sureste-340x200.jpg 340w, https:\/\/maritimasureste.com\/en\/wp-content\/uploads\/sites\/3\/2021\/04\/central-headquarters-in-el-estrecho-de-fuente-alamo-grupo-maritima-sureste-768x451.jpg 768w, https:\/\/maritimasureste.com\/en\/wp-content\/uploads\/sites\/3\/2021\/04\/central-headquarters-in-el-estrecho-de-fuente-alamo-grupo-maritima-sureste.jpg 920w\" sizes=\"auto, (max-width: 340px) 100vw, 340px\" \/><\/a> <\/div><div class=\"card-item\"><div class=\"content\"><h3 class=\"card-title ez-toc-exclude-headings\"><a href=\"https:\/\/maritimasureste.com\/en\/company\/locations\/alicante\/\">Alicante Branch Office<\/a><\/h3> <span class=\"excerpt\">Provincial branch in Alicante of Grupo Mar\u00edtima Sureste with service throughout the Valencian Community.<\/span><\/div><a class=\"image\" href=\"https:\/\/maritimasureste.com\/en\/company\/locations\/alicante\/\" title=\"Alicante Branch Office\"><img loading=\"lazy\" decoding=\"async\" width=\"340\" height=\"200\" src=\"https:\/\/maritimasureste.com\/en\/wp-content\/uploads\/sites\/3\/2021\/04\/head-office-of-grupo-maritima-sureste-for-the-province-of-alicante-340x200.jpg\" class=\"attachment-medium size-medium wp-post-image\" alt=\"Head office of Grupo Mar\u00edtima Sureste for the province of Alicante\" srcset=\"https:\/\/maritimasureste.com\/en\/wp-content\/uploads\/sites\/3\/2021\/04\/head-office-of-grupo-maritima-sureste-for-the-province-of-alicante-340x200.jpg 340w, https:\/\/maritimasureste.com\/en\/wp-content\/uploads\/sites\/3\/2021\/04\/head-office-of-grupo-maritima-sureste-for-the-province-of-alicante-768x451.jpg 768w, https:\/\/maritimasureste.com\/en\/wp-content\/uploads\/sites\/3\/2021\/04\/head-office-of-grupo-maritima-sureste-for-the-province-of-alicante.jpg 920w\" sizes=\"auto, (max-width: 340px) 100vw, 340px\" \/><\/a> <\/div><\/div>\n\n\n\n<div class=\"wp-block-buttons alignwide is-content-justification-center is-layout-flex wp-block-buttons-is-layout-flex\">\n<div class=\"wp-block-button is-style-fill\"><a class=\"wp-block-button__link\" href=\"https:\/\/maritimasureste.com\/en\/company\/locations\/\">See all our locations<\/a><\/div>\n<\/div>\n","protected":false},"excerpt":{"rendered":"<p>Office of the delegation of Grupo Mar\u00edtima Sureste located in the city of \u00dabeda, province of Ja\u00e9n.<\/p>\n","protected":false},"author":1,"featured_media":1957,"parent":354,"menu_order":7,"comment_status":"closed","ping_status":"closed","template":"page-templates\/hero.php","meta":{"_acf_changed":false,"_genesis_hide_title":false,"_genesis_hide_breadcrumbs":false,"_genesis_hide_singular_image":false,"_genesis_hide_footer_widgets":false,"_genesis_custom_body_class":"","_genesis_custom_post_class":"","_genesis_layout":"","footnotes":""},"class_list":{"0":"post-358","1":"page","2":"type-page","3":"status-publish","4":"has-post-thumbnail","6":"entry"},"acf":[],"amp_enabled":true,"_links":{"self":[{"href":"https:\/\/maritimasureste.com\/en\/wp-json\/wp\/v2\/pages\/358","targetHints":{"allow":["GET"]}}],"collection":[{"href":"https:\/\/maritimasureste.com\/en\/wp-json\/wp\/v2\/pages"}],"about":[{"href":"https:\/\/maritimasureste.com\/en\/wp-json\/wp\/v2\/types\/page"}],"author":[{"embeddable":true,"href":"https:\/\/maritimasureste.com\/en\/wp-json\/wp\/v2\/users\/1"}],"replies":[{"embeddable":true,"href":"https:\/\/maritimasureste.com\/en\/wp-json\/wp\/v2\/comments?post=358"}],"version-history":[{"count":32,"href":"https:\/\/maritimasureste.com\/en\/wp-json\/wp\/v2\/pages\/358\/revisions"}],"predecessor-version":[{"id":2893,"href":"https:\/\/maritimasureste.com\/en\/wp-json\/wp\/v2\/pages\/358\/revisions\/2893"}],"up":[{"embeddable":true,"href":"https:\/\/maritimasureste.com\/en\/wp-json\/wp\/v2\/pages\/354"}],"wp:featuredmedia":[{"embeddable":true,"href":"https:\/\/maritimasureste.com\/en\/wp-json\/wp\/v2\/media\/1957"}],"wp:attachment":[{"href":"https:\/\/maritimasureste.com\/en\/wp-json\/wp\/v2\/media?parent=358"}],"curies":[{"name":"wp","href":"https:\/\/api.w.org\/{rel}","templated":true}]}}