{"id":360,"date":"2021-02-24T13:09:43","date_gmt":"2021-02-24T12:09:43","guid":{"rendered":"https:\/\/maritimasureste.com\/?page_id=360"},"modified":"2023-09-18T09:35:24","modified_gmt":"2023-09-18T07:35:24","slug":"valencia","status":"publish","type":"page","link":"https:\/\/maritimasureste.com\/en\/company\/locations\/valencia\/","title":{"rendered":"Logistics warehouse in Valencia"},"content":{"rendered":"\n<div class=\"wp-block-group alignfull highlight expanded\"><div class=\"wp-block-group__inner-container is-layout-flow wp-block-group-is-layout-flow\">\n<h2 class=\"wp-block-heading has-text-align-center\">Warehousing of goods in Cheste, Valencia<\/h2>\n\n\n\n<p class=\"has-text-align-center\">Goods warehouse located a few kilometres from Valencia airport and the port of Valencia, located in Cheste industrial estate.<\/p>\n\n\n\n<p class=\"has-text-align-center\">At this location we offer storage services, transfer of goods from container to lorry from the port of Valencia, preparation of orders and distribution.<\/p>\n\n\n<div class=\"wp-block-image\">\n<figure class=\"aligncenter size-large\"><img loading=\"lazy\" decoding=\"async\" width=\"1160\" height=\"240\" src=\"https:\/\/maritimasureste.com\/en\/wp-content\/uploads\/sites\/3\/2021\/06\/sea-port-of-goods-in-valencia-grupo-maritima-sureste.jpg\" alt=\"Sea port of goods in Valencia - Grupo Maritima Sureste\" class=\"wp-image-1943\" srcset=\"https:\/\/maritimasureste.com\/en\/wp-content\/uploads\/sites\/3\/2021\/06\/sea-port-of-goods-in-valencia-grupo-maritima-sureste.jpg 1160w, https:\/\/maritimasureste.com\/en\/wp-content\/uploads\/sites\/3\/2021\/06\/sea-port-of-goods-in-valencia-grupo-maritima-sureste-340x70.jpg 340w, https:\/\/maritimasureste.com\/en\/wp-content\/uploads\/sites\/3\/2021\/06\/sea-port-of-goods-in-valencia-grupo-maritima-sureste-768x159.jpg 768w\" sizes=\"auto, (max-width: 1160px) 100vw, 1160px\" \/><\/figure>\n<\/div><\/div><\/div>\n\n\n\n<div class=\"wp-block-group datos-contacto\"><div class=\"wp-block-group__inner-container is-layout-flow wp-block-group-is-layout-flow\">\n<span class=\"anchor\" id=\"datos-contacto\"><\/span>\n\n\n\n<div class=\"wp-block-group gcontact\"><div class=\"wp-block-group__inner-container is-layout-flow wp-block-group-is-layout-flow\">\n<h3 class=\"wp-block-heading\">Contact<\/h3>\n\n\n\n<ul class=\"wp-block-list\" id=\"block-e7794b9e-f654-4dcd-81d4-9e7d1d9e6946\">\n<li>Phone number: <br><a class=\"rank-math-link\" href=\"tel:+34968159798\" data-type=\"tel\" data-id=\"tel:+34968159798\">(+34) 968 15 97 98<\/a><\/li>\n\n\n\n<li>Email: info<span class=\"arroba\"><\/span>marsur.co.uk<\/li>\n<\/ul>\n<\/div><\/div>\n\n\n\n<div class=\"wp-block-group gaddress\"><div class=\"wp-block-group__inner-container is-layout-flow wp-block-group-is-layout-flow\">\n<h3 class=\"wp-block-heading\">Address<\/h3>\n\n\n\n<p>Vial 3, Parcela 2, M\u00f3d. 3 y 4 &#8211; 46380<br>Porl. Ind. Castilla, Cheste, Valencia<\/p>\n\n\n\n<p><a href=\"https:\/\/www.google.com\/maps?cid=16302978637699731396\" target=\"_blank\" data-type=\"URL\" rel=\"noreferrer noopener\">View in Google Maps<\/a><\/p>\n\n\n\n<p><strong><strong>GPS coordinates<\/strong>:<\/strong><br>39\u00b0 28&#8242; 35.6082\u201d N<br>0\u00b0 39&#8242; 50.6694\u201d W<\/p>\n<\/div><\/div>\n\n\n\n<div class=\"wp-block-group gtime\"><div class=\"wp-block-group__inner-container is-layout-flow wp-block-group-is-layout-flow\">\n<h3 class=\"wp-block-heading\">Opening hours<\/h3>\n\n\n\n<p>Monday to Friday<br>8:00 to 18:00<\/p>\n<\/div><\/div>\n\n\n\n<div class=\"wp-block-group gdrive\"><div class=\"wp-block-group__inner-container is-layout-flow wp-block-group-is-layout-flow\">\n<h3 class=\"wp-block-heading\">How to get here<\/h3>\n\n\n\n<ul class=\"wp-block-list\">\n<li><a class=\"rank-math-link\" href=\"https:\/\/goo.gl\/maps\/jufidTPwVmMjKZV77\" target=\"_blank\" data-type=\"URL\" data-id=\"https:\/\/goo.gl\/maps\/jufidTPwVmMjKZV77\" rel=\"noreferrer noopener\">From Valencia City<\/a><\/li>\n\n\n\n<li><a class=\"rank-math-link\" href=\"https:\/\/goo.gl\/maps\/bdNKgJazvwwYaDoZ7\" target=\"_blank\" data-type=\"URL\" data-id=\"https:\/\/goo.gl\/maps\/bdNKgJazvwwYaDoZ7\" rel=\"noreferrer noopener\">From the train station of Valencia<\/a><\/li>\n\n\n\n<li><a class=\"rank-math-link\" href=\"https:\/\/goo.gl\/maps\/AH7sSQdV9Byn2DmU7\" target=\"_blank\" data-type=\"URL\" data-id=\"https:\/\/goo.gl\/maps\/AH7sSQdV9Byn2DmU7\" rel=\"noreferrer noopener\">From the airport of Valencia<\/a><\/li>\n\n\n\n<li><a class=\"rank-math-link\" href=\"https:\/\/goo.gl\/maps\/sEhnjT1Re2apJ6Qa8\" target=\"_blank\" data-type=\"URL\" data-id=\"https:\/\/goo.gl\/maps\/sEhnjT1Re2apJ6Qa8\" rel=\"noreferrer noopener\">From the sea port of Valencia<\/a><\/li>\n<\/ul>\n<\/div><\/div>\n\n\n\n<iframe src=\"https:\/\/www.google.com\/maps\/embed?pb=!1m18!1m12!1m3!1d82859.82578654715!2d-0.436409180512432!3d39.48521307749886!2m3!1f0!2f0!3f0!3m2!1i1024!2i768!4f13.1!3m3!1m2!1s0xd60514d07d33069%3A0x75f7a5f2915d57dd!2sAlmac%C3%A9n%20Log%C3%ADstico%20Valencia%20%7C%20Mar%C3%ADtima%20Sureste!5e0!3m2!1ses!2ses!4v1622566493038!5m2!1ses!2ses\" height=\"450\" loading=\"lazy\"><\/iframe>\n<\/div><\/div>\n\n\n\n<div class=\"wp-block-group alignfull highlight service-grid\"><div class=\"wp-block-group__inner-container is-layout-flow wp-block-group-is-layout-flow\">\n<h2 class=\"wp-block-heading has-text-align-center\">Logistics, storage and transport services<\/h2>\n\n\n\n<div class=\"wp-block-columns are-vertically-aligned-center is-layout-flex wp-container-core-columns-is-layout-9d6595d7 wp-block-columns-is-layout-flex\">\n<div class=\"wp-block-column is-vertically-aligned-center is-layout-flow wp-block-column-is-layout-flow\" style=\"flex-basis:33%\">\n<h3 class=\"wp-block-heading\"><a href=\"https:\/\/maritimasureste.com\/en\/logistics\/warehousing\/\" data-type=\"page\" data-id=\"147\">Storage of goods<\/a><\/h3>\n\n\n\n<p>We have a logistics warehouse in Valencia to receive, store and deliver your goods.<\/p>\n<\/div>\n\n\n\n<div class=\"wp-block-column is-vertically-aligned-center is-layout-flow wp-block-column-is-layout-flow\" style=\"flex-basis:33%\">\n<h3 class=\"wp-block-heading\"><a href=\"https:\/\/maritimasureste.com\/en\/sea\/\" data-type=\"page\" data-id=\"35\">Maritime freight transport of goods<\/a><\/h3>\n\n\n\n<p>We transport any type of goods by sea by container or cargo ship in the Port of Valencia.<\/p>\n<\/div>\n\n\n\n<div class=\"wp-block-column is-vertically-aligned-center is-layout-flow wp-block-column-is-layout-flow\" style=\"flex-basis:33%\">\n<h3 class=\"wp-block-heading\"><a href=\"https:\/\/maritimasureste.com\/en\/sea\/containers-sale\/\" data-type=\"page\" data-id=\"112\">Sale of shipping containers in Valencia<\/a><\/h3>\n\n\n\n<p>We have a wide range of semi-new shipping containers to buy or rent in Valencia.<\/p>\n<\/div>\n<\/div>\n\n\n\n<div class=\"wp-block-columns are-vertically-aligned-center is-layout-flex wp-container-core-columns-is-layout-9d6595d7 wp-block-columns-is-layout-flex\">\n<div class=\"wp-block-column is-vertically-aligned-center is-layout-flow wp-block-column-is-layout-flow\" style=\"flex-basis:33%\">\n<h3 class=\"wp-block-heading\"><a href=\"https:\/\/maritimasureste.com\/en\/customs\/customs-brokers\/\" data-type=\"page\" data-id=\"343\">Customs services in Valencia<\/a><\/h3>\n\n\n\n<p>Our customs agents will be able to manage and clear your export or import goods in Valencia.<\/p>\n<\/div>\n\n\n\n<div class=\"wp-block-column is-vertically-aligned-center is-layout-flow wp-block-column-is-layout-flow\" style=\"flex-basis:33%\">\n<h3 class=\"wp-block-heading\"><a href=\"https:\/\/maritimasureste.com\/en\/logistics\/picking-packing\/\" data-type=\"page\" data-id=\"152\">Packing and picking of freight<\/a><\/h3>\n\n\n\n<p>In this delegation we prepare goods for safer transport, either by palletising or packaging.<\/p>\n<\/div>\n\n\n\n<div class=\"wp-block-column is-vertically-aligned-center is-layout-flow wp-block-column-is-layout-flow\" style=\"flex-basis:33%\">\n<h3 class=\"wp-block-heading\"><a href=\"https:\/\/maritimasureste.com\/en\/logistics\/ecommerce\/\" data-type=\"page\" data-id=\"153\">Logistics for online shops in Valencia<\/a><\/h3>\n\n\n\n<p>Logistics management for online shops including warehousing, order preparation and distribution to customers.<\/p>\n<\/div>\n\n\n\n<div class=\"wp-block-column is-vertically-aligned-center is-layout-flow wp-block-column-is-layout-flow\" style=\"flex-basis:33%\">\n<h3 class=\"wp-block-heading\"><a href=\"https:\/\/maritimasureste.com\/en\/logistics\/ecommerce\/\" data-type=\"page\" data-id=\"153\"><a href=\"https:\/\/maritimasureste.com\/en\/logistics\/dangerous-goods\/\">Storage of dangerous goods<\/a><\/a><\/h3>\n\n\n\n<p>We have facilities that comply with the requirements of the regulations for the storage of chemical products.<\/p>\n<\/div>\n<\/div>\n<\/div><\/div>\n\n\n\n<div style=\"height:24px\" aria-hidden=\"true\" class=\"wp-block-spacer\"><\/div>\n\n\n\n<h2 class=\"wp-block-heading has-text-align-center\">Our other locations<\/h2>\n\n\n\n<p class=\"has-text-align-center\">Come and visit our offices and branches to see what we can do for you.<\/p>\n\n\n<div class=\"cards-listing\"><div class=\"card-item\"><div class=\"content\"><h3 class=\"card-title ez-toc-exclude-headings\"><a href=\"https:\/\/maritimasureste.com\/en\/company\/locations\/head-office\/\">Head Office in Murcia<\/a><\/h3> <span class=\"excerpt\">Head office of Grupo Mar\u00edtima Sureste in the Region of Murcia, located in El Estrecho de Fuente \u00c1lamo. Head office.<\/span><\/div><a class=\"image\" href=\"https:\/\/maritimasureste.com\/en\/company\/locations\/head-office\/\" title=\"Head Office\"><img loading=\"lazy\" decoding=\"async\" width=\"340\" height=\"200\" src=\"https:\/\/maritimasureste.com\/en\/wp-content\/uploads\/sites\/3\/2021\/04\/central-headquarters-in-el-estrecho-de-fuente-alamo-grupo-maritima-sureste-340x200.jpg\" class=\"attachment-medium size-medium wp-post-image\" alt=\"Central headquarters in El Estrecho de Fuente \u00c1lamo - Grupo Mar\u00edtima Sureste\" srcset=\"https:\/\/maritimasureste.com\/en\/wp-content\/uploads\/sites\/3\/2021\/04\/central-headquarters-in-el-estrecho-de-fuente-alamo-grupo-maritima-sureste-340x200.jpg 340w, https:\/\/maritimasureste.com\/en\/wp-content\/uploads\/sites\/3\/2021\/04\/central-headquarters-in-el-estrecho-de-fuente-alamo-grupo-maritima-sureste-768x451.jpg 768w, https:\/\/maritimasureste.com\/en\/wp-content\/uploads\/sites\/3\/2021\/04\/central-headquarters-in-el-estrecho-de-fuente-alamo-grupo-maritima-sureste.jpg 920w\" sizes=\"auto, (max-width: 340px) 100vw, 340px\" \/><\/a> <\/div><div class=\"card-item\"><div class=\"content\"><h3 class=\"card-title ez-toc-exclude-headings\"><a href=\"https:\/\/maritimasureste.com\/en\/company\/locations\/jaen\/\">Offices in Ja\u00e9n<\/a><\/h3> <span class=\"excerpt\">Provincial office of Mar\u00edtima Sureste in Ja\u00e9n. Offices located in Av. Libertad in \u00dabeda.<\/span><\/div><a class=\"image\" href=\"https:\/\/maritimasureste.com\/en\/company\/locations\/jaen\/\" title=\"Offices in \u00dabeda, Ja\u00e9n\"><img loading=\"lazy\" decoding=\"async\" width=\"340\" height=\"200\" src=\"https:\/\/maritimasureste.com\/en\/wp-content\/uploads\/sites\/3\/2021\/06\/ubeda-freight-forwarding-company-340x200.jpg\" class=\"attachment-medium size-medium wp-post-image\" alt=\"Basilica de \u00dabeda - Location of forwarding company for the transport of goods\" srcset=\"https:\/\/maritimasureste.com\/en\/wp-content\/uploads\/sites\/3\/2021\/06\/ubeda-freight-forwarding-company-340x200.jpg 340w, https:\/\/maritimasureste.com\/en\/wp-content\/uploads\/sites\/3\/2021\/06\/ubeda-freight-forwarding-company-768x451.jpg 768w, https:\/\/maritimasureste.com\/en\/wp-content\/uploads\/sites\/3\/2021\/06\/ubeda-freight-forwarding-company.jpg 920w\" sizes=\"auto, (max-width: 340px) 100vw, 340px\" \/><\/a> <\/div><div class=\"card-item\"><div class=\"content\"><h3 class=\"card-title ez-toc-exclude-headings\"><a href=\"https:\/\/maritimasureste.com\/en\/company\/locations\/alicante\/\">Alicante Branch Office<\/a><\/h3> <span class=\"excerpt\">Provincial branch in Alicante of Grupo Mar\u00edtima Sureste with service throughout the Valencian Community.<\/span><\/div><a class=\"image\" href=\"https:\/\/maritimasureste.com\/en\/company\/locations\/alicante\/\" title=\"Alicante Branch Office\"><img loading=\"lazy\" decoding=\"async\" width=\"340\" height=\"200\" src=\"https:\/\/maritimasureste.com\/en\/wp-content\/uploads\/sites\/3\/2021\/04\/head-office-of-grupo-maritima-sureste-for-the-province-of-alicante-340x200.jpg\" class=\"attachment-medium size-medium wp-post-image\" alt=\"Head office of Grupo Mar\u00edtima Sureste for the province of Alicante\" srcset=\"https:\/\/maritimasureste.com\/en\/wp-content\/uploads\/sites\/3\/2021\/04\/head-office-of-grupo-maritima-sureste-for-the-province-of-alicante-340x200.jpg 340w, https:\/\/maritimasureste.com\/en\/wp-content\/uploads\/sites\/3\/2021\/04\/head-office-of-grupo-maritima-sureste-for-the-province-of-alicante-768x451.jpg 768w, https:\/\/maritimasureste.com\/en\/wp-content\/uploads\/sites\/3\/2021\/04\/head-office-of-grupo-maritima-sureste-for-the-province-of-alicante.jpg 920w\" sizes=\"auto, (max-width: 340px) 100vw, 340px\" \/><\/a> <\/div><\/div>\n\n\n\n<div class=\"wp-block-buttons alignwide is-horizontal is-content-justification-center is-layout-flex wp-container-core-buttons-is-layout-499968f5 wp-block-buttons-is-layout-flex\">\n<div class=\"wp-block-button is-style-fill\"><a class=\"wp-block-button__link wp-element-button\" href=\"https:\/\/maritimasureste.com\/en\/company\/locations\/\">See all our locations<\/a><\/div>\n<\/div>\n","protected":false},"excerpt":{"rendered":"<p>Logistical goods facilities located in the district of Cheste.<\/p>\n","protected":false},"author":1,"featured_media":2927,"parent":354,"menu_order":8,"comment_status":"closed","ping_status":"closed","template":"page-templates\/hero.php","meta":{"_acf_changed":false,"_genesis_hide_title":false,"_genesis_hide_breadcrumbs":false,"_genesis_hide_singular_image":false,"_genesis_hide_footer_widgets":false,"_genesis_custom_body_class":"","_genesis_custom_post_class":"","_genesis_layout":"","footnotes":""},"class_list":{"0":"post-360","1":"page","2":"type-page","3":"status-publish","4":"has-post-thumbnail","6":"entry"},"acf":[],"amp_enabled":true,"_links":{"self":[{"href":"https:\/\/maritimasureste.com\/en\/wp-json\/wp\/v2\/pages\/360","targetHints":{"allow":["GET"]}}],"collection":[{"href":"https:\/\/maritimasureste.com\/en\/wp-json\/wp\/v2\/pages"}],"about":[{"href":"https:\/\/maritimasureste.com\/en\/wp-json\/wp\/v2\/types\/page"}],"author":[{"embeddable":true,"href":"https:\/\/maritimasureste.com\/en\/wp-json\/wp\/v2\/users\/1"}],"replies":[{"embeddable":true,"href":"https:\/\/maritimasureste.com\/en\/wp-json\/wp\/v2\/comments?post=360"}],"version-history":[{"count":38,"href":"https:\/\/maritimasureste.com\/en\/wp-json\/wp\/v2\/pages\/360\/revisions"}],"predecessor-version":[{"id":2934,"href":"https:\/\/maritimasureste.com\/en\/wp-json\/wp\/v2\/pages\/360\/revisions\/2934"}],"up":[{"embeddable":true,"href":"https:\/\/maritimasureste.com\/en\/wp-json\/wp\/v2\/pages\/354"}],"wp:featuredmedia":[{"embeddable":true,"href":"https:\/\/maritimasureste.com\/en\/wp-json\/wp\/v2\/media\/2927"}],"wp:attachment":[{"href":"https:\/\/maritimasureste.com\/en\/wp-json\/wp\/v2\/media?parent=360"}],"curies":[{"name":"wp","href":"https:\/\/api.w.org\/{rel}","templated":true}]}}